{"id":381,"date":"2014-11-14T22:46:04","date_gmt":"2014-11-14T22:46:04","guid":{"rendered":"http:\/\/quali-dent.ca\/bienvenue\/"},"modified":"2024-08-23T17:19:56","modified_gmt":"2024-08-23T17:19:56","slug":"bienvenue","status":"publish","type":"page","link":"https:\/\/quali-dent.ca\/fr\/","title":{"rendered":"Bienvenue"},"content":{"rendered":"\n<h1>\n\t\tQuali-Dent Dental Clinic\n\t<\/h1>\n\t<iframe loading=\"lazy\" title=\"Welcome to Qualident\" width=\"500\" height=\"281\" src=\"https:\/\/www.youtube.com\/embed\/rxZm3vNX-go?feature=oembed\" frameborder=\"0\" allow=\"accelerometer; autoplay; clipboard-write; encrypted-media; gyroscope; picture-in-picture; web-share\" referrerpolicy=\"strict-origin-when-cross-origin\" allowfullscreen><\/iframe>\n\t<p>La responsabilit\u00e9 premi\u00e8re de Quali-Dent est de fournir des soins dentaires professionnels et des mesures de pr\u00e9vention de la maladie dans le respect du code d&rsquo;\u00e9thique de la profession dentaire. En tant qu&rsquo;\u00e9quipe, nous travaillons en harmonie pour offrir des choix de traitements qui r\u00e9pondent aux besoins de notre client\u00e8le, ainsi que les meilleures alternatives possibles pour la restauration en douceur et le maintien d&rsquo;un sourire resplendissant pour la vie.<\/p>\n<p>En honorant ses responsabilit\u00e9s professionnelles, notre organisation arrive aussi \u00e0 cr\u00e9er des emplois offrant ainsi des avantages \u00e9conomiques mesurables et significatifs sous la forme de compensation aux employ\u00e9s, d&rsquo;achats aux fournisseurs de produits dentaires et de mat\u00e9riel destin\u00e9 aux entreprises, d&rsquo;investissements dans la communaut\u00e9 et par une contribution significative en taxes au profit du gouvernement du Nouveau-Brunswick.<\/p>\n<h2>\n\t\tConseils dentaires\n\t<\/h2>\n\t<meta itemscope itemprop=\"mainEntityOfPage\" itemtype=\"https:\/\/schema.org\/WebPage\" itemid=\"http:\/\/557\" content=\"How to Spot Trouble\" \/><meta itemprop=\"datePublished\" content=\"2017-06-01\" \/><meta itemprop=\"dateModified\" content=\"2016-11-15\" \/><meta itemprop=\"name\" content=\"Quali-dent - Your Miramichi Dental Clinic\"\/><meta itemprop=\"url\" content=\"https:\/\/quali-dent.ca\/fr\/author\/quali-dent\/\" \/><meta itemprop=\"name\" content=\"Quali-Dent Dental Clinic\" \/><meta itemprop=\"url\" content=\"https:\/\/quali-dent.ca\/wp-content\/uploads\/2016\/11\/trouble.jpg\" \/><meta itemprop=\"width\" content=\"300\" \/><meta itemprop=\"height\" content=\"200\" \/><meta itemprop=\"interactionType\" content=\"https:\/\/schema.org\/CommentAction\" \/><meta itemprop=\"userInteractionCount\" content=\"0\" \/>\n\t\t\t\t<a href=\"https:\/\/quali-dent.ca\/fr\/how-to-spot-trouble\/\" target=\"_self\" itemprop=\"url\" rel=\"noopener\">\n\t\t\t\t<img loading=\"lazy\" decoding=\"async\" src=\"https:\/\/quali-dent.ca\/wp-content\/uploads\/bb-plugin\/cache\/trouble-landscape-bdad04476cc08651d5691274589c76f4-.jpg\" alt=\"trouble\" itemprop=\"image\" data-no-lazy=\"1\" height=\"200\" width=\"300\" title=\"trouble\" onerror=\"this.style.display='none'\"  \/>\n\t\t\t\t<\/a>\n\t\t\t\t\t\t\t\t\t<h3 itemprop=\"headline\">\n\t\t\t\t\t\t\t\t\t\t\t\t\t<a href=\"https:\/\/quali-dent.ca\/fr\/how-to-spot-trouble\/\" title=\"How to Spot Trouble\">\n\t\t\t\t\t\t\t\t\t\t\t\t\t\tHow to Spot Trouble\t\t\t\t\t\t\t\t\t\t\t\t\t<\/a>\n\t\t\t\t\t\t\t\t\t\t\t<\/h3>\n    Here is a quick guide to common dental problems. You should visit your dentist if you have these warning signs&#8230;.\n    <a href=\"https:\/\/quali-dent.ca\/fr\/how-to-spot-trouble\/\" title=\"How to Spot Trouble\">Read More about How to Spot Trouble<\/a>\n\t<meta itemscope itemprop=\"mainEntityOfPage\" itemtype=\"https:\/\/schema.org\/WebPage\" itemid=\"http:\/\/546\" content=\"Oral health: an important piece of your overall health\" \/><meta itemprop=\"datePublished\" content=\"2017-04-01\" \/><meta itemprop=\"dateModified\" content=\"2016-11-15\" \/><meta itemprop=\"name\" content=\"Quali-dent - Your Miramichi Dental Clinic\"\/><meta itemprop=\"url\" content=\"https:\/\/quali-dent.ca\/fr\/author\/quali-dent\/\" \/><meta itemprop=\"name\" content=\"Quali-Dent Dental Clinic\" \/><meta itemprop=\"url\" content=\"https:\/\/quali-dent.ca\/wp-content\/uploads\/2016\/11\/oralhealth.jpg\" \/><meta itemprop=\"width\" content=\"300\" \/><meta itemprop=\"height\" content=\"296\" \/><meta itemprop=\"interactionType\" content=\"https:\/\/schema.org\/CommentAction\" \/><meta itemprop=\"userInteractionCount\" content=\"0\" \/>\n\t\t\t\t<a href=\"https:\/\/quali-dent.ca\/fr\/oral-health-important-piece-overall-health\/\" target=\"_self\" itemprop=\"url\" rel=\"noopener\">\n\t\t\t\t<img loading=\"lazy\" decoding=\"async\" src=\"https:\/\/quali-dent.ca\/wp-content\/uploads\/bb-plugin\/cache\/oralhealth-landscape-4c77680b0593eff3b8399d3603804df1-.jpg\" alt=\"oralhealth\" itemprop=\"image\" data-no-lazy=\"1\" height=\"296\" width=\"300\" title=\"oralhealth\" onerror=\"this.style.display='none'\"  \/>\n\t\t\t\t<\/a>\n\t\t\t\t\t\t\t\t\t<h3 itemprop=\"headline\">\n\t\t\t\t\t\t\t\t\t\t\t\t\t<a href=\"https:\/\/quali-dent.ca\/fr\/oral-health-important-piece-overall-health\/\" title=\"Oral health: an important piece of your overall health\">\n\t\t\t\t\t\t\t\t\t\t\t\t\t\tOral health: an important piece of your overall health\t\t\t\t\t\t\t\t\t\t\t\t\t<\/a>\n\t\t\t\t\t\t\t\t\t\t\t<\/h3>\n    Research shows there is a relationship between oral disease and other health problems such as diabetes and certain kinds of&#8230;\n    <a href=\"https:\/\/quali-dent.ca\/fr\/oral-health-important-piece-overall-health\/\" title=\"Oral health: an important piece of your overall health\">Read More about Oral health: an important piece of your overall health<\/a>\n\t<meta itemscope itemprop=\"mainEntityOfPage\" itemtype=\"https:\/\/schema.org\/WebPage\" itemid=\"http:\/\/553\" content=\"Dental Care for Seniors\" \/><meta itemprop=\"datePublished\" content=\"2017-02-01\" \/><meta itemprop=\"dateModified\" content=\"2016-11-15\" \/><meta itemprop=\"name\" content=\"Quali-dent - Your Miramichi Dental Clinic\"\/><meta itemprop=\"url\" content=\"https:\/\/quali-dent.ca\/fr\/author\/quali-dent\/\" \/><meta itemprop=\"name\" content=\"Quali-Dent Dental Clinic\" \/><meta itemprop=\"url\" content=\"https:\/\/quali-dent.ca\/wp-content\/uploads\/2016\/11\/senior.jpg\" \/><meta itemprop=\"width\" content=\"300\" \/><meta itemprop=\"height\" content=\"199\" \/><meta itemprop=\"interactionType\" content=\"https:\/\/schema.org\/CommentAction\" \/><meta itemprop=\"userInteractionCount\" content=\"0\" \/>\n\t\t\t\t<a href=\"https:\/\/quali-dent.ca\/fr\/dental-care-seniors\/\" target=\"_self\" itemprop=\"url\" rel=\"noopener\">\n\t\t\t\t<img loading=\"lazy\" decoding=\"async\" src=\"https:\/\/quali-dent.ca\/wp-content\/uploads\/bb-plugin\/cache\/senior-landscape-5fd71e4e43fe9bb0e404d0836a8858a5-.jpg\" alt=\"senior\" itemprop=\"image\" data-no-lazy=\"1\" height=\"199\" width=\"300\" title=\"senior\" onerror=\"this.style.display='none'\"  \/>\n\t\t\t\t<\/a>\n\t\t\t\t\t\t\t\t\t<h3 itemprop=\"headline\">\n\t\t\t\t\t\t\t\t\t\t\t\t\t<a href=\"https:\/\/quali-dent.ca\/fr\/dental-care-seniors\/\" title=\"Dental Care for Seniors\">\n\t\t\t\t\t\t\t\t\t\t\t\t\t\tDental Care for Seniors\t\t\t\t\t\t\t\t\t\t\t\t\t<\/a>\n\t\t\t\t\t\t\t\t\t\t\t<\/h3>\n    As you get older, you may have dentures or dental implants. These dentures and implants need to be checked by&#8230;\n    <a href=\"https:\/\/quali-dent.ca\/fr\/dental-care-seniors\/\" title=\"Dental Care for Seniors\">Read More about Dental Care for Seniors<\/a>\n\t\t<!-- .pp-content-posts -->\n\n","protected":false},"excerpt":{"rendered":"<p>Quali-Dent Dental Clinic La responsabilit\u00e9 premi\u00e8re de Quali-Dent est de fournir des soins dentaires professionnels et des mesures de pr\u00e9vention de la maladie dans le respect du code d&rsquo;\u00e9thique de la profession dentaire. En tant qu&rsquo;\u00e9quipe, nous travaillons en harmonie pour offrir des choix de traitements qui r\u00e9pondent aux besoins de notre client\u00e8le, ainsi que&hellip;<\/p>\n","protected":false},"author":1,"featured_media":0,"parent":0,"menu_order":0,"comment_status":"open","ping_status":"open","template":"","meta":{"footnotes":""},"class_list":["post-381","page","type-page","status-publish","hentry"],"_links":{"self":[{"href":"https:\/\/quali-dent.ca\/fr\/wp-json\/wp\/v2\/pages\/381","targetHints":{"allow":["GET"]}}],"collection":[{"href":"https:\/\/quali-dent.ca\/fr\/wp-json\/wp\/v2\/pages"}],"about":[{"href":"https:\/\/quali-dent.ca\/fr\/wp-json\/wp\/v2\/types\/page"}],"author":[{"embeddable":true,"href":"https:\/\/quali-dent.ca\/fr\/wp-json\/wp\/v2\/users\/1"}],"replies":[{"embeddable":true,"href":"https:\/\/quali-dent.ca\/fr\/wp-json\/wp\/v2\/comments?post=381"}],"version-history":[{"count":4,"href":"https:\/\/quali-dent.ca\/fr\/wp-json\/wp\/v2\/pages\/381\/revisions"}],"predecessor-version":[{"id":647,"href":"https:\/\/quali-dent.ca\/fr\/wp-json\/wp\/v2\/pages\/381\/revisions\/647"}],"wp:attachment":[{"href":"https:\/\/quali-dent.ca\/fr\/wp-json\/wp\/v2\/media?parent=381"}],"curies":[{"name":"wp","href":"https:\/\/api.w.org\/{rel}","templated":true}]}}