{"id":371,"date":"2014-11-14T12:34:46","date_gmt":"2014-11-14T12:34:46","guid":{"rendered":"http:\/\/quali-dent.ca\/les-rendez-vous\/"},"modified":"2024-08-23T17:34:49","modified_gmt":"2024-08-23T17:34:49","slug":"les-rendez-vous","status":"publish","type":"page","link":"https:\/\/quali-dent.ca\/fr\/a-propos-de-quali-dent\/les-rendez-vous\/","title":{"rendered":"Les rendez-vous"},"content":{"rendered":"\n\n\t<div id=\"attachment_130\" style=\"width: 410px\" class=\"wp-caption alignright\"><img loading=\"lazy\" decoding=\"async\" aria-describedby=\"caption-attachment-130\" src=\"http:\/\/quali-dent.ca\/wp-content\/uploads\/2014\/05\/appointment.jpg\" alt=\"Rendez-vous \u00e0 la clinique dentaire Quali-Dent\" width=\"400\" height=\"268\" \/><p id=\"caption-attachment-130\" class=\"wp-caption-text\">Quali-Dent planifie les rendez-vous de sa client\u00e8le pendant les heures d&rsquo;ouverture de la clinique<\/p><\/div>\n<strong>Les rendez-vous<\/strong><br \/>\nQuali-Dent planifie les rendez-vous de sa client\u00e8le pendant les heures d&rsquo;ouverture de la clinique. Nous sommes ferm\u00e9s les samedi et dimanche ainsi que pendant les cong\u00e9s f\u00e9ri\u00e9s. Nous respectons les disponibilit\u00e9s de nos patients; c&rsquo;est pour cette raison que nous adoptons un horaire strict afin d&rsquo;\u00e9viter d&#8217;empi\u00e9ter sur les rendez-vous des autres patients. Par contre, il nous arrive parfois de recevoir des appels pour des rendez-vous d&rsquo;urgence; si c&rsquo;est votre cas, et que vous devez vraiment obtenir une consultation en urgence, que ce soit avec un dentiste ou un orthodontiste, veuillez nous appeler au 506-622-3777 afin que nous puissions \u00e9valuer votre cas et d\u00e9terminer si votre condition n\u00e9cessite un rendez-vous d&rsquo;urgence.\n<strong>Politique d&rsquo;annulation et de rendez-vous manqu\u00e9<\/strong><br \/>\nSi vous devez annuler ou d\u00e9placer un rendez-vous, il serait appr\u00e9ci\u00e9 que vous nous en informiez au moins 24 heures \u00e0 l&rsquo;avance afin que nous puissions offrir \u00e0 un autre patient la plage horaire que vous lib\u00e9rez. Si vous n&rsquo;\u00eates pas en mesure de parler avec l&rsquo;un des membres de notre personnel, veuillez nous laisser un message en appelant au 506-622-3777\n<strong>Votre premi\u00e8re visite<\/strong><br \/>\nNous aimerions discuter avec vous si vous avez des pr\u00e9occupations concernant votre sant\u00e9 buccodentaire. Appelez-nous au 506-622-3777 pour planifier votre premier examen. Lors d&rsquo;un examen complet, vous aurez l&rsquo;occasion de faire la connaissance avec notre personnel et de vous familiariser avec l&rsquo;environnement de notre clinique dentaire. Nos dentistes examineront vos dents, prendront connaissance de vos besoins et vous expliqueront toutes les proc\u00e9dures n\u00e9cessaires \u00e0 vos traitements avant de d\u00e9buter leur intervention. Apr\u00e8s votre examen, notre personnel administratif passera en revue les options de financement qui s&rsquo;offrent \u00e0 vous et vous expliquera en d\u00e9tail les co\u00fbts totaux et les diff\u00e9rentes alternatives disponibles. Nous r\u00e9pondrons \u00e0 toutes vos questions et nous prendrons le temps n\u00e9cessaire pour discuter de vos pr\u00e9occupations afin que vous soyez \u00e0 l&rsquo;aise et confiant avant de d\u00e9buter vos traitements chez Quali-Dent.\n<p><strong>Salle d&rsquo;examen<\/strong><\/p>\n<p>Apr\u00e8s vos radiographies, vous rencontrerez le Dr Gauthier, Mahabir ou Pinder dans l&rsquo;une de nos salles d&rsquo;examen. L&rsquo;un des dentistes examinera l&rsquo;\u00e9tat de vos dents, le soutien osseux, les gencives et autres tissus de la bouche et effectuera une \u00e9valuation de votre occlusion dentaire et discutera avec vous de vos besoins et des am\u00e9liorations que vous souhaitez obtenir avec le traitement. C&rsquo;est dans cette salle que le dentiste obtient les informations et les d\u00e9tails de ce que vous recherchez en tant que patient; en retour, il vous offrira une solution qui vous permettra d&rsquo;obtenir le r\u00e9sultat souhait\u00e9.<\/p>\n<strong>Information financi\u00e8re<\/strong><br \/>\nLe personnel administratif de Quali-Dent fera tous les efforts n\u00e9cessaires pour vous offrir les meilleurs soins possibles en respectant vos moyens financiers. Nous serons tr\u00e8s heureux de vous aider \u00e0 remplir tous les formulaires d&rsquo;assurance; afin de vous aider \u00e0 maximiser et r\u00e9cup\u00e9rer les sommes auxquelles vous avez droit. Pour les personnes qui ne poss\u00e8dent aucune assurance, nous ferons tout ce qui est possible de faire pour vous aider avec les traitements dont vous avez besoin; en \u00e9tant conscient de vos limites financi\u00e8res. Nous acceptons les paiements en esp\u00e8ces, carte de d\u00e9bit, cartes Visa et Master Card et les paiements directement de votre compagnie d&rsquo;assurance le cas \u00e9ch\u00e9ant.\n\n","protected":false},"excerpt":{"rendered":"<p>Les rendez-vous Quali-Dent planifie les rendez-vous de sa client\u00e8le pendant les heures d&rsquo;ouverture de la clinique. Nous sommes ferm\u00e9s les samedi et dimanche ainsi que pendant les cong\u00e9s f\u00e9ri\u00e9s. Nous respectons les disponibilit\u00e9s de nos patients; c&rsquo;est pour cette raison que nous adoptons un horaire strict afin d&rsquo;\u00e9viter d&#8217;empi\u00e9ter sur les rendez-vous des autres patients.&hellip;<\/p>\n","protected":false},"author":1,"featured_media":0,"parent":379,"menu_order":0,"comment_status":"open","ping_status":"open","template":"","meta":{"footnotes":""},"class_list":["post-371","page","type-page","status-publish","hentry"],"_links":{"self":[{"href":"https:\/\/quali-dent.ca\/fr\/wp-json\/wp\/v2\/pages\/371","targetHints":{"allow":["GET"]}}],"collection":[{"href":"https:\/\/quali-dent.ca\/fr\/wp-json\/wp\/v2\/pages"}],"about":[{"href":"https:\/\/quali-dent.ca\/fr\/wp-json\/wp\/v2\/types\/page"}],"author":[{"embeddable":true,"href":"https:\/\/quali-dent.ca\/fr\/wp-json\/wp\/v2\/users\/1"}],"replies":[{"embeddable":true,"href":"https:\/\/quali-dent.ca\/fr\/wp-json\/wp\/v2\/comments?post=371"}],"version-history":[{"count":2,"href":"https:\/\/quali-dent.ca\/fr\/wp-json\/wp\/v2\/pages\/371\/revisions"}],"predecessor-version":[{"id":678,"href":"https:\/\/quali-dent.ca\/fr\/wp-json\/wp\/v2\/pages\/371\/revisions\/678"}],"up":[{"embeddable":true,"href":"https:\/\/quali-dent.ca\/fr\/wp-json\/wp\/v2\/pages\/379"}],"wp:attachment":[{"href":"https:\/\/quali-dent.ca\/fr\/wp-json\/wp\/v2\/media?parent=371"}],"curies":[{"name":"wp","href":"https:\/\/api.w.org\/{rel}","templated":true}]}}