{"id":370,"date":"2014-11-14T22:21:43","date_gmt":"2014-11-14T22:21:43","guid":{"rendered":"http:\/\/quali-dent.ca\/notre-equipe\/"},"modified":"2024-08-23T17:34:59","modified_gmt":"2024-08-23T17:34:59","slug":"notre-equipe","status":"publish","type":"page","link":"https:\/\/quali-dent.ca\/fr\/a-propos-de-quali-dent\/notre-equipe\/","title":{"rendered":"Notre \u00e9quipe"},"content":{"rendered":"\n\n\t<p><strong><em>RENCONTREZ NOS SP\u00c9CIALISTES<\/em><\/strong><\/p>\n<table>\n<tbody>\n<tr>\n<td valign=\"top\"><strong>Dr. Jean Gauthier &#8211; Dentiste<\/strong>\n<p>Apr\u00e8s avoir obtenu son dipl\u00f4me de l&rsquo;Universit\u00e9 de Montr\u00e9al, Jean a \u00e9t\u00e9 en poste \u00e0 la BFC de Chatham o\u00f9 il a servi comme officier dentiste de la base pendant 5 ans. Apr\u00e8s avoir travaill\u00e9 sur une base r\u00e9guli\u00e8re dans une clinique dentaire locale, il a compris que la clinique de Miramichi lui offrait la meilleur opportunit\u00e9 pour poursuivre une carri\u00e8re stimulante et active en tant que dentiste g\u00e9n\u00e9raliste. C&rsquo;est \u00e0 ce moment qu&rsquo;il a pris la d\u00e9cision de cr\u00e9er un groupe de pratique dentaire multi-disciplinaire dans la r\u00e9gion. Tr\u00e8s t\u00f4t dans sa carri\u00e8re, Jean a compris les besoins fondamentaux pour les traitements dentaires en milieu hospitalier, et avec l&rsquo;aide et le financement de partenaires de diff\u00e9rentes cliniques ainsi que les r\u00e9f\u00e9rences constantes d&rsquo;autres coll\u00e8gues m\u00e9decins et dentistes, des traitements ont \u00e9t\u00e9 offerts \u00e0 plus de 6 000 patients, enfants et adultes, qui ne pouvaient pas \u00eatre trait\u00e9s dans une clinique dentaire conventionnelle. Le climat de collaboration et de coll\u00e9gialit\u00e9, ainsi que la volont\u00e9 d&rsquo;offrir les normes les plus \u00e9lev\u00e9es de soins dentaires dans la r\u00e9gion, ont convaincu Jean que la r\u00e9gion de Miramichi \u00e9tait un endroit de choix pour vivre et travailler. Lorsqu&rsquo;il ne travaille pas \u00e0 la clinique dentaire Quali-Dent de Miramichi, Jean offre son expertise aux \u00e9tablissements de services correctionnels et depuis peu, aux communaut\u00e9s inuit du Nunavut. Passionn\u00e9 par la m\u00e9decine dentaire et toujours \u00e0 l&rsquo;aff\u00fbt de nouvelles connaissances dans son domaine, Jean est membre de l&rsquo;Acad\u00e9mie de m\u00e9decine dentaire g\u00e9n\u00e9rale. Membre du conseil du Bureau national d&rsquo;examen dentaire du Canada, Jean est membre honoraire \u00e0 vie de la Soci\u00e9t\u00e9 dentaire du Nouveau-Brunswick. Apr\u00e8s avoir appris \u00e0 piloter un avion, \u00e0 faire de la voile, \u00e0 entretenir sa petite terre \u00e0 bois et \u00e0 raconter quelques petites histoires de p\u00eache, Jean pratique maintenant la longue randonn\u00e9e (incluant des destinations comme l&rsquo;Hiuana Potosi et le Kilimanjaro) et s&rsquo;entra\u00eene pour devenir un meilleur \u00ab\u00a0Pounder\u00a0\u00bb ! \u00c9tablit depuis plus de 30 ans dans la r\u00e9gion, Jean se consid\u00e8re maintenant comme un v\u00e9ritable Miramichois !<\/p>\n<\/td>\n<td valign=\"top\">\n<div id=\"attachment_230\" style=\"width: 185px\" class=\"wp-caption alignright\"><img loading=\"lazy\" decoding=\"async\" aria-describedby=\"caption-attachment-230\" src=\"http:\/\/quali-dent.ca\/wp-content\/uploads\/2014\/06\/jean.jpg\" alt=\"Dr Jean Gauthier\" width=\"175\" height=\"220\" \/><p id=\"caption-attachment-230\" class=\"wp-caption-text\">Dr Jean Gauthier<\/p><\/div>\n<\/td>\n<\/tr>\n<tr>\n<td valign=\"top\"><strong>Dr Krishna Mahabir &#8211; Dentiste<\/strong>\n<p>Le Dr Krishna Mahabir est dipl\u00f4m\u00e9 de l&rsquo;\u00e9cole de dentisterie de l&rsquo;Universit\u00e9 de Dalhousie situ\u00e9e \u00e0 Halifax, en Nouvelle-\u00c9cosse. Il a re\u00e7u son dipl\u00f4me de chirurgie dentaire en 1999 apr\u00e8s avoir obtenu un baccalaur\u00e9at avec une mineure en psychologie de l&rsquo;Universit\u00e9 du Nouveau-Brunswick. Apr\u00e8s ses \u00e9tudes, il a d\u00e9but\u00e9 la pratique de la dentisterie \u00e0 Oromocto au Nouveau-Brunswick. Cet endroit lui a permi d&rsquo;\u00e9largir ses connaissances dans le domaine de la m\u00e9decine dentaire. Pendant les dix ann\u00e9es suivantes, il a suivi plusieurs programmes de formation dans diff\u00e9rents domaines de la m\u00e9decine dentaire tout en travaillant au Nouveau-Brunswick comme dentiste associ\u00e9. Gr\u00e2ce aux connaissances et \u00e0 l&rsquo;exp\u00e9rience acquise, le Dr Mahabir a \u00e9t\u00e9 en mesure d&rsquo;offrir une vaste gamme de services \u00e0 ses patients dans plusieurs domaines de la m\u00e9decine dentaire. En 2007, il a d\u00e9cid\u00e9 de revenir \u00e0 Miramichi pour se rapprocher de ses parents et amis plut\u00f4t que de d\u00e9m\u00e9nager \u00e0 Las Vegas pour pratiquer avec son fr\u00e8re Raman (un chirurgien plasticien de renom) dans une clinique dentaire et m\u00e9dicale.<\/p>\n<p>Le Dr Mahabir est membre de l&rsquo;Association dentaire canadienne, la Soci\u00e9t\u00e9 dentaire du Nouveau-Brunswick, la Soci\u00e9t\u00e9 dentaire North Shore et de l&rsquo;Acad\u00e9mie de m\u00e9decine dentaire g\u00e9n\u00e9rale. Le Dr Mahabir habite pr\u00e9sentement \u00e0 Miramichi avec sa famme Sonja et leurs deux enfants, Ariel et Ethan. Il aime passer du temps avec ses parents et son fr\u00e8re Sanjay et sa famille. Il aime aussi p\u00eacher, marcher \u00e0 French Fort Cove et participer \u00e0 diff\u00e9rentes activit\u00e9s dans la r\u00e9gion de Miramichi.<\/p>\n<\/td>\n<td valign=\"top\">\n<div id=\"attachment_228\" style=\"width: 185px\" class=\"wp-caption alignright\"><img loading=\"lazy\" decoding=\"async\" aria-describedby=\"caption-attachment-228\" src=\"http:\/\/quali-dent.ca\/wp-content\/uploads\/2014\/05\/mahibir1.jpg\" alt=\"Dr Krishna Mahabir\" width=\"175\" height=\"220\" \/><p id=\"caption-attachment-228\" class=\"wp-caption-text\">Dr Krishna Mahabir<\/p><\/div>\n<p>&nbsp;<\/p>\n<\/td>\n<\/tr>\n<tr>\n<td valign=\"top\">\n<strong>Docteure Vanessa Pinder &#8211; Dentiste<\/strong><br \/>\nDre Vanessa Pinder est n\u00e9e et a v\u00e9cu aux limites de Yarmouth, en Nouvelle-\u00c9cosse. En 2013, elle est d\u00e9m\u00e9nag\u00e9e \u00e0 Halifax pour poursuivre ses \u00e9tudes \u00e0 l&rsquo;Universit\u00e9 Dalhousie o\u00f9 elle a obtenu son dipl\u00f4me de docteure en chirurgie dentaire. Apr\u00e8s avoir obtenu son dipl\u00f4me, Dre Pinder s&rsquo;est \u00e9tablie dans la petite communaut\u00e9 de Paradise, \u00e0 Terre-Neuve, o\u00f9 elle a d\u00e9but\u00e9 sa pratique. Elle est par la suite revenue dans sa province natale, la Nouvelle-\u00c9cosse, o\u00f9 elle a pratiqu\u00e9 pendant plusieurs ann\u00e9es, avant de d\u00e9m\u00e9nager dans la r\u00e9gion de la Miramichi, pour se rapprocher de sa famille.\n<p>Les priorit\u00e9s de Dre Pinder sont d&rsquo;assurer le confort des patients et d&rsquo;offrir des soins et un service de qualit\u00e9. Elle intervient aupr\u00e8s de chaque personne afin d&rsquo;offrir le meilleur plan de soin possible, en expliquant toutes les options disponibles au patient. Dre Pinder suit aussi des ateliers de perfectionnement en m\u00e9decine dentaire. Elle participe r\u00e9guli\u00e8rement \u00e0 des congr\u00e8s organis\u00e9s par l&rsquo;industrie et elle suit des cours pour rester inform\u00e9e des plus r\u00e9cents progr\u00e8s dans son champ d&rsquo;expertise. Elle est membre de l&rsquo;Association dentaire canadienne, de la North Shore Dental Society et de la Soci\u00e9t\u00e9 dentaire du Nouveau-Brunswick.<\/p>\n<p>Pendant ses temps libres, Dre Pinder aime bien passer du temps en plein air avec son mari Jordan, ses deux jeunes enfants et son chien.<\/p>\n<\/td>\n<td valign=\"top\">\n<div id=\"attachment_567\" style=\"width: 185px\" class=\"wp-caption alignright\"><img loading=\"lazy\" decoding=\"async\" aria-describedby=\"caption-attachment-567\" src=\"http:\/\/quali-dent.ca\/wp-content\/uploads\/2019\/01\/pinder.jpg\" alt=\"\" width=\"175\" height=\"220\" \/><p id=\"caption-attachment-567\" class=\"wp-caption-text\">Dr. Vanessa Pinder<\/p><\/div>\n<\/td>\n<\/tr>\n<tr>\n<td valign=\"top\"><strong>Dr Martin &#8211; Sp\u00e9cialiste en orthodontie<\/strong>\n<p>D\u00e8s l&rsquo;instant o\u00f9 il s&rsquo;est fait install\u00e9 des broches &#8211; voil\u00e0 plus de 16 ans &#8211; le Dr Martin savait qu&rsquo;il voudrait devenir orthodontiste. Le Dr Martin a obtenu un dipl\u00f4me en science m\u00e9dicale de l&rsquo;Universit\u00e9 de Moncton en 1998. Il s&rsquo;est ensuite inscrit dans le programme de m\u00e9decine dentaire d&rsquo;une dur\u00e9e de quatre ans \u00e0 l&rsquo;Universsit\u00e9 de Montr\u00e9al, qu&rsquo;il a compl\u00e9t\u00e9 en 2002. Le Dr Martin a re\u00e7u six prix pour ses r\u00e9sultats exceptionnels dans le programme de m\u00e9decine dentaire, incluant :<\/p>\n<ul>\n<li>\n<p>Le prix Aldis Bernard, pour avoir obtenu les r\u00e9sultats les plus \u00e9lev\u00e9s<\/p>\n<\/li>\n<li>\n<p>Le prix de l&rsquo;excellence acad\u00e9mique de la Fraternit\u00e9 internationale de m\u00e9decine dentaire Alpha Omega, pour avoir atteint les plus hauts standards acad\u00e9miques au Canada durant les ann\u00e9es d&rsquo;\u00e9tudes impos\u00e9es par le programme.<\/p>\n<\/li>\n<li>\n<p>Un prix de l&rsquo;American Association of Orthodontists (Association am\u00e9ricaine des orthodontistes) reconnaissant son int\u00e9r\u00eat exceptionnel pour le complexe oro-facial.<\/p>\n<\/li>\n<\/ul>\n<p>En juin 2007, le Dr Martin a joint la clinique reconnue du Dr R.H.Bezanson. Depuis ce jour, le Dr Martin offre des services d&rsquo;orthodontie dans les r\u00e9gions de Moncton, Miramichi, Amherst et Sussex. Il a \u00e9t\u00e9 professeur en orthodontie clinique \u00e0 l&rsquo;Universit\u00e9 de Montr\u00e9al et il continue de donner des formations \u00e0 la communaut\u00e9 des professionnels dentaires en s&rsquo;impliquant dans des s\u00e9minaires de formation et en organisant la journ\u00e9e annuelle de l&rsquo;\u00e9ducation permanente du Grand Monction. Il est aussi l&rsquo;initiateur du plus grand regroupement d&rsquo;\u00e9tudes dentaires du Nouveau-Brunswick. Il est responsable de la formation en orthodontie des hygi\u00e9nistes et des assistantes dentaires au coll\u00e8ge Oulton. Le Dr Martin r\u00e9ussit \u00e0 garder ses connaissances \u00e0 jour en participant \u00e0 plusieurs conf\u00e9rences \u00e0 l&rsquo;avant-garde de la m\u00e9decine dentaire et en faisant partie des associations canadienne et am\u00e9ricaine des orthodontistes ainsi que des soci\u00e9t\u00e9s dentaires du Nouveau-Brunswick, de la Nouvelle-\u00c9cosse et de la r\u00e9gion de Moncton. Le Dr Martin est aussi un membre honoraire du Coll\u00e8ge Royal des dentistes du Canada (CRDC) et fait partie de l&rsquo;Association dentaire canadienne.<\/p>\n<\/td>\n<td valign=\"top\">\u00a0<\/td>\n<\/tr>\n<tr>\n<td valign=\"top\">\u00a0<\/td>\n<td valign=\"top\">\u00a0<\/td>\n<\/tr>\n<\/tbody>\n<\/table>\n<p>&nbsp;<\/p>\n<p><strong><em>RENCONTREZ NOTRE PERSONNEL<\/em><\/strong><\/p>\n<p><strong>Niki\u00a0Wiebe &#8211; Adjointe administrative principale<\/strong><\/p>\n<p><strong>Gayle Trevors &#8211; Coordonnatrice aux rendez-vous<\/strong><\/p>\n<p>Amy Malley &#8211; Dental Administrative Assistant<\/p>\n<p><strong>Blanche Shanahan &#8211;\u00a0Adjointe administrative \/ soins prolong\u00e9s<\/strong><\/p>\n<p><strong>Monica McIntyre &#8211;\u00a0Assistante dentaire certifi\u00e9e de niveau II<\/strong><\/p>\n<p><strong>Stacy McCosh &#8211; Assistante dentaire certifi\u00e9e de niveau II<\/strong><\/p>\n<p><strong>Megan Keating &#8211; Assistante dentaire certifi\u00e9e de niveau II<\/strong><\/p>\n<p><strong>Sonia Durelle &#8211; Assitante dentaire de niveau II<\/strong><\/p>\n<p><strong>Kayla McFarlene &#8211; Assitante dentaire<\/strong><\/p>\n<p><strong>Theresa Smallwood &#8211; Assitante dentaire<\/strong><\/p>\n<p><strong>Annelle Dugay &#8211; Certified Dental Hygienist\u00a0<\/strong><\/p>\n<p><strong>Molly Muzerall &#8211; Certified Dental Hygienist<\/strong><\/p>\n<p><strong>Sydney Maclsaac &#8211; Certified Dental Hygienist<\/strong><\/p>\n\n","protected":false},"excerpt":{"rendered":"<p>RENCONTREZ NOS SP\u00c9CIALISTES Dr. Jean Gauthier &#8211; Dentiste Apr\u00e8s avoir obtenu son dipl\u00f4me de l&rsquo;Universit\u00e9 de Montr\u00e9al, Jean a \u00e9t\u00e9 en poste \u00e0 la BFC de Chatham o\u00f9 il a servi comme officier dentiste de la base pendant 5 ans. Apr\u00e8s avoir travaill\u00e9 sur une base r\u00e9guli\u00e8re dans une clinique dentaire locale, il a compris&hellip;<\/p>\n","protected":false},"author":1,"featured_media":0,"parent":379,"menu_order":0,"comment_status":"open","ping_status":"open","template":"","meta":{"footnotes":""},"class_list":["post-370","page","type-page","status-publish","hentry"],"_links":{"self":[{"href":"https:\/\/quali-dent.ca\/fr\/wp-json\/wp\/v2\/pages\/370","targetHints":{"allow":["GET"]}}],"collection":[{"href":"https:\/\/quali-dent.ca\/fr\/wp-json\/wp\/v2\/pages"}],"about":[{"href":"https:\/\/quali-dent.ca\/fr\/wp-json\/wp\/v2\/types\/page"}],"author":[{"embeddable":true,"href":"https:\/\/quali-dent.ca\/fr\/wp-json\/wp\/v2\/users\/1"}],"replies":[{"embeddable":true,"href":"https:\/\/quali-dent.ca\/fr\/wp-json\/wp\/v2\/comments?post=370"}],"version-history":[{"count":7,"href":"https:\/\/quali-dent.ca\/fr\/wp-json\/wp\/v2\/pages\/370\/revisions"}],"predecessor-version":[{"id":679,"href":"https:\/\/quali-dent.ca\/fr\/wp-json\/wp\/v2\/pages\/370\/revisions\/679"}],"up":[{"embeddable":true,"href":"https:\/\/quali-dent.ca\/fr\/wp-json\/wp\/v2\/pages\/379"}],"wp:attachment":[{"href":"https:\/\/quali-dent.ca\/fr\/wp-json\/wp\/v2\/media?parent=370"}],"curies":[{"name":"wp","href":"https:\/\/api.w.org\/{rel}","templated":true}]}}