{"id":368,"date":"2014-11-13T01:21:22","date_gmt":"2014-11-13T01:21:22","guid":{"rendered":"http:\/\/quali-dent.ca\/resines-de-scellement\/"},"modified":"2024-08-23T17:29:00","modified_gmt":"2024-08-23T17:29:00","slug":"resines-de-scellement","status":"publish","type":"page","link":"https:\/\/quali-dent.ca\/fr\/services-dentaires\/resines-de-scellement\/","title":{"rendered":"R\u00e9sines de scellement"},"content":{"rendered":"\n\n\t<p>M\u00eame si vous vous brossez les dents et utilisez un fil de soie dentaire r\u00e9guli\u00e8rement, de petites particules et de d\u00e9bris alimentaires peuvent s&rsquo;introduire dans les endroits inaccessibles avec la brosse \u00e0 dent. Les aliments et les bact\u00e9ries nocives peuvent s&rsquo;accumuler dans ces endroits inaccessibles, cr\u00e9ant ainsi un terrain propice au d\u00e9veloppement de la carie. Les r\u00e9sines de scellement prot\u00e8gent les imperfections et les dommages pr\u00e9sents dans ces zones inaccessibles. Bien s\u00fbr, vous devrez quand m\u00eame vous brosser les dents et utiliser le fil de soie dentaire r\u00e9guli\u00e8rement apr\u00e8s l&rsquo;application de scellants sur vos dents &#8211; cependant, les r\u00e9sines de scellement ajouteront \u00e0 l&rsquo;efficacit\u00e9 de votre programme de pr\u00e9vention contre la carie !<\/p>\n<div id=\"attachment_56\" style=\"width: 310px\" class=\"wp-caption alignright\"><img loading=\"lazy\" decoding=\"async\" aria-describedby=\"caption-attachment-56\" src=\"http:\/\/quali-dent.ca\/wp-content\/uploads\/2014\/05\/sealant.jpg\" alt=\"Exemple d'un dent trait\u00e9e \u00e0 la r\u00e9sine de scellement et d'une autre, non trait\u00e9e \u00e0 la r\u00e9sine de scellement\" width=\"300\" height=\"206\" \/><p id=\"caption-attachment-56\" class=\"wp-caption-text\">Exemple d&rsquo;une dent trait\u00e9e \u00e0 la r\u00e9sine de traitement et d&rsquo;une autre, non trait\u00e9e \u00e0 la r\u00e9sine de scellement<\/p><\/div>\n<p>Les r\u00e9sines de scellement agissent comme une armure de protection pour vos dents. Elles forment un barri\u00e8re solide en prot\u00e9geant vos dents des attaques agressives des bact\u00e9ries qui peuvent causer la carie. Les risques de d\u00e9velopper des caries dentaires sont pr\u00e9sents m\u00eame \u00e0 un jeune \u00e2ge, les scellants sont donc efficaces m\u00eame pour les enfants et les adolescents. Mais ils offrent des bienfaits aux adultes aussi. Rapide, sans douleur et abordables, les r\u00e9sines de scellement sont un excellent investissement pour garder votre sourire en sant\u00e9. Les r\u00e9sines de scellement sont faites de plastique et sont appliqu\u00e9es directement sur les surfaces triturantes des dents arri\u00e8res. La proc\u00e9dure compl\u00e8te est rapide et facile ! L&rsquo;\u00e9quipe de Quali-Dent nettoiera la surface de chaque dent et appliquera la r\u00e9sine de scellement. Celle-ci se fixe directement sur la dent o\u00f9 elle se transformera en un couche dure et protectrice. Tant que la r\u00e9sine de scellement est inalt\u00e9r\u00e9e, la dent sera prot\u00e9g\u00e9e contre les bact\u00e9ries et les caries.<\/p>\n<p>Le personnel de Quali-Dent recommande l&rsquo;utilisation pr\u00e9coce de r\u00e9sine de scellement pour la protection contre la carie, nous recommandons donc ce type de traitement \u00e0 nos plus jeunes patients qui pr\u00e9sentent des risques \u00e9lev\u00e9s de carie. Nous sugg\u00e9rons l&rsquo;application de r\u00e9sines de scellement d\u00e8s l&rsquo;apparition des molaires et des pr\u00e9molaires de l&rsquo;enfant, avant que la carie n&rsquo;ait la chance de causer des dommages. Les r\u00e9sines de scellement ont aussi un r\u00f4le important \u00e0 jouer dans la protection des dents des adultes. Elles peuvent \u00eatre aussi efficaces dans la pr\u00e9vention des caries chez les adultes qu&rsquo;elles peuvent l&rsquo;\u00eatre chez les enfants ou pour les cas de s\u00e9cheresse de la bouche. Vous verrez que les r\u00e9sines de scellement sont tr\u00e8s efficaces pour prot\u00e9ger vos dents contre la carie. \u00a0Le niveau d&rsquo;efficacit\u00e9 et de long\u00e9vit\u00e9 du traitement aux r\u00e9sines de scellement d\u00e9pend de la collaboration du patient.<\/p>\n<p>Si vous voulez en faire plus pour obtenir un sourire en sant\u00e9, demandez \u00e0 Quali-Dent de vous parler des r\u00e9sines de scellement d\u00e8s aujourd&rsquo;hui !<\/p>\n\n","protected":false},"excerpt":{"rendered":"<p>M\u00eame si vous vous brossez les dents et utilisez un fil de soie dentaire r\u00e9guli\u00e8rement, de petites particules et de d\u00e9bris alimentaires peuvent s&rsquo;introduire dans les endroits inaccessibles avec la brosse \u00e0 dent. Les aliments et les bact\u00e9ries nocives peuvent s&rsquo;accumuler dans ces endroits inaccessibles, cr\u00e9ant ainsi un terrain propice au d\u00e9veloppement de la carie.&hellip;<\/p>\n","protected":false},"author":1,"featured_media":0,"parent":376,"menu_order":0,"comment_status":"open","ping_status":"open","template":"","meta":{"footnotes":""},"class_list":["post-368","page","type-page","status-publish","hentry"],"_links":{"self":[{"href":"https:\/\/quali-dent.ca\/fr\/wp-json\/wp\/v2\/pages\/368","targetHints":{"allow":["GET"]}}],"collection":[{"href":"https:\/\/quali-dent.ca\/fr\/wp-json\/wp\/v2\/pages"}],"about":[{"href":"https:\/\/quali-dent.ca\/fr\/wp-json\/wp\/v2\/types\/page"}],"author":[{"embeddable":true,"href":"https:\/\/quali-dent.ca\/fr\/wp-json\/wp\/v2\/users\/1"}],"replies":[{"embeddable":true,"href":"https:\/\/quali-dent.ca\/fr\/wp-json\/wp\/v2\/comments?post=368"}],"version-history":[{"count":1,"href":"https:\/\/quali-dent.ca\/fr\/wp-json\/wp\/v2\/pages\/368\/revisions"}],"predecessor-version":[{"id":664,"href":"https:\/\/quali-dent.ca\/fr\/wp-json\/wp\/v2\/pages\/368\/revisions\/664"}],"up":[{"embeddable":true,"href":"https:\/\/quali-dent.ca\/fr\/wp-json\/wp\/v2\/pages\/376"}],"wp:attachment":[{"href":"https:\/\/quali-dent.ca\/fr\/wp-json\/wp\/v2\/media?parent=368"}],"curies":[{"name":"wp","href":"https:\/\/api.w.org\/{rel}","templated":true}]}}