{"id":366,"date":"2014-11-12T22:42:00","date_gmt":"2014-11-12T22:42:00","guid":{"rendered":"http:\/\/quali-dent.ca\/extraction-dentaire\/"},"modified":"2024-08-23T17:27:02","modified_gmt":"2024-08-23T17:27:02","slug":"extraction-dentaire","status":"publish","type":"page","link":"https:\/\/quali-dent.ca\/fr\/services-dentaires\/extraction-dentaire\/","title":{"rendered":"Extraction dentaire"},"content":{"rendered":"\n\n\t<p>L&rsquo;extraction dentaire (arrachage d&rsquo;une dent) est parfois n\u00e9cessaire dans certains cas tels que l&rsquo;extraction d&rsquo;une dent de sagesse, d&rsquo;une dent bris\u00e9e, la carie dentaire ou pour cr\u00e9er un espace n\u00e9cessaire aux traitements orthodontiques. Lors d&rsquo;une consultation, l&rsquo;\u00e9quipe de Quali-Dent effectuera un examen approfondi de vos dents et de votre bouche (radiographie) avant de confirmer qu&rsquo;une extraction de dent est n\u00e9cessaire. Une<img loading=\"lazy\" decoding=\"async\" src=\"http:\/\/quali-dent.ca\/wp-content\/uploads\/2014\/05\/extraction.jpg\" alt=\"Extraction dentaire\" width=\"300\" height=\"200\" \/>radiographie nous permet d&rsquo;\u00e9valuer les changements observ\u00e9s \u00e0 l&rsquo;int\u00e9rieur de la dent, \u00e0 ses racines et \u00e0 l&rsquo;os qui l&rsquo;entoure. Nous effectuerons un examen clinique et une radiographie parce que nous voulons nous assurer que l&rsquo;extraction est la seule option disponible. Lors de la rencontre avant l&rsquo;extraction, nous vous demanderons si vous avez d\u00e9j\u00e0 subit des extractions dentaires auparavant et si vous avez eu des probl\u00e8mes de saignement excessif ou d&rsquo;h\u00e9morragie. Nous voulons aussi savoir si vous avez indiqu\u00e9 que vous aviez des conditions m\u00e9dicales particuli\u00e8res, trait\u00e9es ou non, afin de nous assurer que rien n&rsquo;est laiss\u00e9 au hasard.<\/p>\n<p>Ici chez Quali-Dent, une extraction dentaire peut \u00eatre simple ou complexe, selon la condition de la dent. \u00a0Une extraction chirurgicale est effectu\u00e9e lorsqu&rsquo;une dent n&rsquo;est pas facilement accessible, par exemple, si elle est compl\u00e8tement bris\u00e9e ou si le bris se situe sous la gencive. Lors de ce type de proc\u00e9dure, une incision est faite pour acc\u00e9der \u00e0 la dent. La dent peut alors \u00eatre bris\u00e9e en plusieurs morceaux ce qui permet de l&rsquo;enlever plus facilement. Pour des extractions non-chirurgicales, la dent est retir\u00e9e \u00e0 l&rsquo;aide d&rsquo;un davier. \u00a0Nous avons l&rsquo;exp\u00e9rience n\u00e9cessaire pour effectuer la plupart des extractions, par contre, dans certains cas, nous devons r\u00e9f\u00e9rer le patient \u00e0 un chirurgien buccal et maxillo-facial.<\/p>\n<p>Nous comprenons que la plupart des gens sont nerveux et anxieux \u00e0 l&rsquo;id\u00e9e de subir une telle proc\u00e9dure; nous sommes form\u00e9s pour \u00e9couter activement les craintes et les pr\u00e9occupations de nos patients et pour r\u00e9pondre \u00e0 leurs questions avant l&rsquo;intervention. De plus, une anesth\u00e9sie profonde sera utilis\u00e9e pour soulager tout inconfort qui pourrait \u00eatre associ\u00e9 \u00e0 l&rsquo;intervention.<\/p>\n<h2><strong>Les raisons qui peuvent justifier une extraction dentaire<\/strong><\/h2>\n<p>Il y a plusieurs raisons qui peuvent justifier une extraction dentaire, ou m\u00eame des extractions dentaires multiples. Par exemple :<\/p>\n<ol>\n<li>\n<h2>Dents endommag\u00e9es<\/h2>\n<ol>\n<li>Dents bris\u00e9es, fissur\u00e9es ou profond\u00e9ment cari\u00e9es<br \/> L&rsquo;extraction dentaire est parfois la seule solution pour faciliter l&rsquo;acc\u00e8s aux dents profond\u00e9ment cari\u00e9es ou lorsque des dents sont gravement bris\u00e9es ou fissur\u00e9es.  Dans d&rsquo;autres cas, les co\u00fbts du traitement, ou m\u00eame les chances de succ\u00e8s de l&rsquo;intervention \u00e0 long terme, peuvent faire en sorte que l&rsquo;extraction soit la solution la plus sens\u00e9e.<\/li>\n<li>Les dents qui ne peuvent pas \u00eatre trait\u00e9es par un traitement de canal.<br \/> Si une dent ne peut pas recevoir un traitement de canal appropri\u00e9, alors la seule alternative est de l&rsquo;extraire.<\/li>\n<li>Les dents atteintes par une maladie des gencives<br \/> Dans les cas o\u00f9 une maladie parodontale (maladie des gencives) a caus\u00e9 des dommages significatifs aux os et que les dents affect\u00e9es sont devenus excessivement mobiles, l&rsquo;extraction pourrait \u00eatre la seule alternative possible.<\/li>\n<\/ol>\n<\/li>\n<li>\n<h2>Une dent mal plac\u00e9e ou non-fonctionnelle peut aussi \u00eatre extraite.<\/h2>\n<ol>\n<li>Dent mal positionn\u00e9e<br \/> Certaines dents sont extraites en raison d&rsquo;un mauvais alignement ou positionnement. Par exemple, certaines troisi\u00e8me molaires (dent de sagesse) sont extraites parce qu&rsquo;elles constituent une source d&rsquo;irritation constante pour l&rsquo;int\u00e9rieur des joues (par frottement ou par morsure accidentelle).<\/li>\n<li>Dents non-fonctionnelles.<br \/> Si une dent ne peut pas recevoir un traitement de canal appropri\u00e9, alors la seule alternative est de l&rsquo;extraire.<\/li>\n<li>Les dents atteintes par une maladie des gencives \u00e0 un stade avanc\u00e9<br \/> Certaines dents sont extraites parce qu&rsquo;elles n&rsquo;offrent pas d&rsquo;utilit\u00e9 r\u00e9elle et qu&rsquo;elles peuvent placer la personne \u00e0 risque de d\u00e9velopper des probl\u00e8mes dentaires. Par exemple, dans certains cas, les troisi\u00e8mes molaires sont bien plac\u00e9es, mais ne peuvent pas prendre appui sur une autre dent lors du m\u00e2chage, ce qui les rend inutiles. \u00c9tant donn\u00e9 que ces dents sont situ\u00e9es dans une r\u00e9gion de la bouche qui est plus difficile \u00e0 nettoyer, elles sont plus \u00e0 risque de d\u00e9velopper des caries et\/ou des probl\u00e8mes parodontaux, ce qui est le cas pour les 2e molaires aussi. Dans une telle situation, l&rsquo;extraction de la 3e molaire est une solution logique.<\/li>\n<li>Dents incluses<br \/> Les dents incluses sont mal positionn\u00e9es et g\u00e9n\u00e9ralement non-fonctionnelles. Lorsqu&rsquo;une telle combinaison de facteurs est r\u00e9unie, l&rsquo;extraction constitue la solution la plus logique.<\/li>\n<\/ol>\n<\/li>\n<li>\n<h2>Les extractions de dents peuvent \u00eatre n\u00e9cessaires pour des raisons orthodontiques.<\/h2>\n<ol>\n<li>Lors du traitement orthodontique, le dentiste peut \u00eatre limit\u00e9 par la quantit\u00e9 d&rsquo;espace de m\u00e2choire (longueur) disponible pour travailler. Si c&rsquo;est le cas, les dents situ\u00e9s dans \u00e0 un emplacement strat\u00e9giques peuvent \u00eatre extraites.<\/li>\n<\/ol>\n<\/li>\n<\/ol>\n\n","protected":false},"excerpt":{"rendered":"<p>L&rsquo;extraction dentaire (arrachage d&rsquo;une dent) est parfois n\u00e9cessaire dans certains cas tels que l&rsquo;extraction d&rsquo;une dent de sagesse, d&rsquo;une dent bris\u00e9e, la carie dentaire ou pour cr\u00e9er un espace n\u00e9cessaire aux traitements orthodontiques. Lors d&rsquo;une consultation, l&rsquo;\u00e9quipe de Quali-Dent effectuera un examen approfondi de vos dents et de votre bouche (radiographie) avant de confirmer qu&rsquo;une&hellip;<\/p>\n","protected":false},"author":1,"featured_media":0,"parent":376,"menu_order":0,"comment_status":"open","ping_status":"open","template":"","meta":{"footnotes":""},"class_list":["post-366","page","type-page","status-publish","hentry"],"_links":{"self":[{"href":"https:\/\/quali-dent.ca\/fr\/wp-json\/wp\/v2\/pages\/366","targetHints":{"allow":["GET"]}}],"collection":[{"href":"https:\/\/quali-dent.ca\/fr\/wp-json\/wp\/v2\/pages"}],"about":[{"href":"https:\/\/quali-dent.ca\/fr\/wp-json\/wp\/v2\/types\/page"}],"author":[{"embeddable":true,"href":"https:\/\/quali-dent.ca\/fr\/wp-json\/wp\/v2\/users\/1"}],"replies":[{"embeddable":true,"href":"https:\/\/quali-dent.ca\/fr\/wp-json\/wp\/v2\/comments?post=366"}],"version-history":[{"count":1,"href":"https:\/\/quali-dent.ca\/fr\/wp-json\/wp\/v2\/pages\/366\/revisions"}],"predecessor-version":[{"id":657,"href":"https:\/\/quali-dent.ca\/fr\/wp-json\/wp\/v2\/pages\/366\/revisions\/657"}],"up":[{"embeddable":true,"href":"https:\/\/quali-dent.ca\/fr\/wp-json\/wp\/v2\/pages\/376"}],"wp:attachment":[{"href":"https:\/\/quali-dent.ca\/fr\/wp-json\/wp\/v2\/media?parent=366"}],"curies":[{"name":"wp","href":"https:\/\/api.w.org\/{rel}","templated":true}]}}