{"id":365,"date":"2014-11-12T15:02:52","date_gmt":"2014-11-12T15:02:52","guid":{"rendered":"http:\/\/quali-dent.ca\/traitements-endodontiques-traitement-de-canal\/"},"modified":"2024-08-23T17:26:34","modified_gmt":"2024-08-23T17:26:34","slug":"traitements-endodontiques-traitement-de-canal","status":"publish","type":"page","link":"https:\/\/quali-dent.ca\/fr\/services-dentaires\/traitements-endodontiques-traitement-de-canal\/","title":{"rendered":"Traitements endodontiques (traitement de canal)"},"content":{"rendered":"\n\n\t<p>Le traitement de canal est le proc\u00e9d\u00e9 par lequel l&rsquo;on retire la partie infect\u00e9e, bless\u00e9e ou morte de la pulpe dentaire. L&rsquo;espace situ\u00e9 \u00e0 l&rsquo;int\u00e9rieur de la partie solide de chaque dent est appel\u00e9 le canal. Cet espace est rempli de tissus mou, appel\u00e9 pulpe dentaire, qui est compos\u00e9 de nerfs et de vaisseaux sanguins qui aident votre dent \u00e0 se d\u00e9velopper. \u00a0Contrairement \u00e0 la croyance populaire, ce traitement est habituellement sans douleur. \u00a0Gr\u00e2ce aux technologies modernes, la proc\u00e9dure est plus rapide et plus efficace de nos jours et s&rsquo;apparente \u00e0 une obturation dentaire. <\/p>\n<div id=\"attachment_221\" style=\"width: 460px\" class=\"wp-caption alignright\"><img loading=\"lazy\" decoding=\"async\" aria-describedby=\"caption-attachment-221\" src=\"http:\/\/quali-dent.ca\/wp-content\/uploads\/2014\/05\/Root-Canal.jpg\" alt=\"\u00c0 gauche : une dent saine; \u00c0 droite, dent avec un abc\u00e8s\" width=\"450\" height=\"273\" \/><p id=\"caption-attachment-221\" class=\"wp-caption-text\">Gauche : une dent saine; Droite : une dent avec un abc\u00e8s<\/p><\/div>\n<p>Un abc\u00e8s se d\u00e9veloppe g\u00e9n\u00e9ralement lorsque des bact\u00e9ries (microbes) p\u00e9n\u00e8trent dans votre dent par des ouvertures caus\u00e9es par des caries profondes, des fissures ou des plombages d\u00e9fectueux.  C&rsquo;est l&rsquo;infection de la pulpe dentaire qui est \u00e0 l&rsquo;origine de l&rsquo;abc\u00e8s de la dent. Lorsque la pulpe est infect\u00e9e elle doit \u00eatre enlev\u00e9e. L&rsquo;abc\u00e8s peut causer de la douleur et\/ou de l&rsquo;inflammation. Votre dentiste peut d\u00e9tecter l&rsquo;infection \u00e0 partir d&rsquo;une radiographie ou par un examen qui permettrait d&rsquo;observer des modifications \u00e0 la dent. S&rsquo;il n&rsquo;est pas trait\u00e9, un abc\u00e8s dentaire peut causer de s\u00e9rieux probl\u00e8mes de sant\u00e9 buccale.<\/p>\n<p>Vos dents sont con\u00e7ues pour durer toute la vie. Par contre, il arrive parfois qu&rsquo;elles soient endommag\u00e9es (souvent en raison de caries profondes ou de blessures qui auraient provoquer une fissure dans la dent) entra\u00eenant ainsi le d\u00e9veloppement d&rsquo;une infection. Cette infection endommage la pulpe de la dent &#8211; le r\u00e9seau interne de vaisseaux sanguins et de nerfs. Si elle n&rsquo;est pas trait\u00e9e, la pulpe endommag\u00e9e peut causer une infection qui endommagera l&rsquo;os situ\u00e9 autour de la dent ce qui provoquera de la douleur et de l&rsquo;inflammation. Si la dent endommag\u00e9e s&rsquo;infecte, le personnel sp\u00e9cialis\u00e9 de Quali-Dent pourra effectuer un traitement endodontique (qu&rsquo;on appelle habituellement un traitement de canal) pour sauver la dent. Le traitement endodontique n\u00e9cessite l&rsquo;ouverture de la dent, le retrait de la pulpe endommag\u00e9e, le fa\u00e7onnage, l&rsquo;obturation et le scellage de la dent. Selon l&rsquo;\u00e9tendue de l&rsquo;infection, le personnel de Quali-Dent d\u00e9terminera si vous devez prendre des m\u00e9dicaments avant l&rsquo;ex\u00e9cution de la proc\u00e9dure.<\/p>\n\n","protected":false},"excerpt":{"rendered":"<p>Le traitement de canal est le proc\u00e9d\u00e9 par lequel l&rsquo;on retire la partie infect\u00e9e, bless\u00e9e ou morte de la pulpe dentaire. L&rsquo;espace situ\u00e9 \u00e0 l&rsquo;int\u00e9rieur de la partie solide de chaque dent est appel\u00e9 le canal. Cet espace est rempli de tissus mou, appel\u00e9 pulpe dentaire, qui est compos\u00e9 de nerfs et de vaisseaux sanguins&hellip;<\/p>\n","protected":false},"author":1,"featured_media":0,"parent":376,"menu_order":0,"comment_status":"open","ping_status":"open","template":"","meta":{"footnotes":""},"class_list":["post-365","page","type-page","status-publish","hentry"],"_links":{"self":[{"href":"https:\/\/quali-dent.ca\/fr\/wp-json\/wp\/v2\/pages\/365","targetHints":{"allow":["GET"]}}],"collection":[{"href":"https:\/\/quali-dent.ca\/fr\/wp-json\/wp\/v2\/pages"}],"about":[{"href":"https:\/\/quali-dent.ca\/fr\/wp-json\/wp\/v2\/types\/page"}],"author":[{"embeddable":true,"href":"https:\/\/quali-dent.ca\/fr\/wp-json\/wp\/v2\/users\/1"}],"replies":[{"embeddable":true,"href":"https:\/\/quali-dent.ca\/fr\/wp-json\/wp\/v2\/comments?post=365"}],"version-history":[{"count":1,"href":"https:\/\/quali-dent.ca\/fr\/wp-json\/wp\/v2\/pages\/365\/revisions"}],"predecessor-version":[{"id":653,"href":"https:\/\/quali-dent.ca\/fr\/wp-json\/wp\/v2\/pages\/365\/revisions\/653"}],"up":[{"embeddable":true,"href":"https:\/\/quali-dent.ca\/fr\/wp-json\/wp\/v2\/pages\/376"}],"wp:attachment":[{"href":"https:\/\/quali-dent.ca\/fr\/wp-json\/wp\/v2\/media?parent=365"}],"curies":[{"name":"wp","href":"https:\/\/api.w.org\/{rel}","templated":true}]}}