{"id":364,"date":"2014-11-12T14:00:14","date_gmt":"2014-11-12T14:00:14","guid":{"rendered":"http:\/\/quali-dent.ca\/couronnes\/"},"modified":"2024-08-23T17:29:25","modified_gmt":"2024-08-23T17:29:25","slug":"couronnes","status":"publish","type":"page","link":"https:\/\/quali-dent.ca\/fr\/services-dentaires\/couronnes\/","title":{"rendered":"Couronnes"},"content":{"rendered":"\n\n\t<p>Des dents us\u00e9es ou bris\u00e9es auront \u00e9ventuellement un effet n\u00e9gatif sur les performances et l&rsquo;efficacit\u00e9 des diff\u00e9rentes fonctions de votre bouche. Pour palier \u00e0 ce probl\u00e8me, vous pouvez envisager l&rsquo;installation de couronnes sur vos dents us\u00e9es ou endommag\u00e9es, afin de leur redonner une seconde vie. Une couronne dentaire consiste en un petit couvercle qui recouvre la dent au complet, et qui est fix\u00e9 avec du ciment dentaire.<\/p>\n<p>La couronne est g\u00e9n\u00e9ralement utilis\u00e9e pour am\u00e9liorer la force et l&rsquo;apparence de la dent. Une empreinte dentaire est habituellement utilis\u00e9e pour permettre de fabriquer la couronne avec pr\u00e9cision.<\/p>\n<p>Les couronnes sont fabriqu\u00e9es avec des mat\u00e9riaux \u00e0 la fine pointe de la technologie qui combinent r\u00e9sistance et esth\u00e9tisme. Votre dentiste d\u00e9terminera quel mat\u00e9riau, de la porcelaine, la c\u00e9ramique ou la c\u00e9ramique recouverte d&rsquo;or, est le mieux indiqu\u00e9 dans votre cas.<\/p>\n<p>Le niveau d&rsquo;expertise de Quali-Dent dans ce domaine est le r\u00e9sultat de plus de 35 ann\u00e9es d&rsquo;exp\u00e9rience en dentisterie. La conception d&rsquo;une couronne, avec les ajustements anatomiques appropri\u00e9s, rel\u00e8ve autant de l&rsquo;art que de la science afin d&rsquo;obtenir un produit qui s&rsquo;ajustera le mieux possible \u00e0 votre bouche. Alors n&rsquo;h\u00e9sitez pas \u00e0 nous appeler d\u00e8s aujourd&rsquo;hui au 506-622-3777 pour en savoir plus sur nos options de traitement.<\/p>\n\n","protected":false},"excerpt":{"rendered":"<p>Des dents us\u00e9es ou bris\u00e9es auront \u00e9ventuellement un effet n\u00e9gatif sur les performances et l&rsquo;efficacit\u00e9 des diff\u00e9rentes fonctions de votre bouche. Pour palier \u00e0 ce probl\u00e8me, vous pouvez envisager l&rsquo;installation de couronnes sur vos dents us\u00e9es ou endommag\u00e9es, afin de leur redonner une seconde vie. Une couronne dentaire consiste en un petit couvercle qui recouvre&hellip;<\/p>\n","protected":false},"author":1,"featured_media":0,"parent":376,"menu_order":0,"comment_status":"open","ping_status":"open","template":"","meta":{"footnotes":""},"class_list":["post-364","page","type-page","status-publish","hentry"],"_links":{"self":[{"href":"https:\/\/quali-dent.ca\/fr\/wp-json\/wp\/v2\/pages\/364","targetHints":{"allow":["GET"]}}],"collection":[{"href":"https:\/\/quali-dent.ca\/fr\/wp-json\/wp\/v2\/pages"}],"about":[{"href":"https:\/\/quali-dent.ca\/fr\/wp-json\/wp\/v2\/types\/page"}],"author":[{"embeddable":true,"href":"https:\/\/quali-dent.ca\/fr\/wp-json\/wp\/v2\/users\/1"}],"replies":[{"embeddable":true,"href":"https:\/\/quali-dent.ca\/fr\/wp-json\/wp\/v2\/comments?post=364"}],"version-history":[{"count":1,"href":"https:\/\/quali-dent.ca\/fr\/wp-json\/wp\/v2\/pages\/364\/revisions"}],"predecessor-version":[{"id":669,"href":"https:\/\/quali-dent.ca\/fr\/wp-json\/wp\/v2\/pages\/364\/revisions\/669"}],"up":[{"embeddable":true,"href":"https:\/\/quali-dent.ca\/fr\/wp-json\/wp\/v2\/pages\/376"}],"wp:attachment":[{"href":"https:\/\/quali-dent.ca\/fr\/wp-json\/wp\/v2\/media?parent=364"}],"curies":[{"name":"wp","href":"https:\/\/api.w.org\/{rel}","templated":true}]}}