{"id":363,"date":"2014-11-10T16:30:59","date_gmt":"2014-11-10T16:30:59","guid":{"rendered":"http:\/\/quali-dent.ca\/le-mordancage\/"},"modified":"2024-08-23T17:29:37","modified_gmt":"2024-08-23T17:29:37","slug":"le-mordancage","status":"publish","type":"page","link":"https:\/\/quali-dent.ca\/fr\/services-dentaires\/le-mordancage\/","title":{"rendered":"Le mordan\u00e7age"},"content":{"rendered":"\n\n\t<p>Selon le nombre de dents \u00e0 traiter, une seule visite est g\u00e9n\u00e9ralement n\u00e9cessaire pour un traitement de mordan\u00e7age.<\/p>\n<p><strong>Qu&rsquo;est-ce que le mordan\u00e7age \u00e0 la r\u00e9sine composite ?<\/strong><\/p>\n<div id=\"attachment_68\" style=\"width: 460px\" class=\"wp-caption alignright\"><img loading=\"lazy\" decoding=\"async\" aria-describedby=\"caption-attachment-68\" src=\"http:\/\/quali-dent.ca\/wp-content\/uploads\/2014\/05\/bonding.jpg\" alt=\"Mondan\u00e7age : avant et apr\u00e8s\" width=\"450\" height=\"154\" \/><p id=\"caption-attachment-68\" class=\"wp-caption-text\">Mordan\u00e7age : avant et apr\u00e8s<\/p><\/div>\n<p>Le mordan\u00e7age est une forme de sculpture des dents effectu\u00e9e \u00e0 l&rsquo;aide d&rsquo;une r\u00e9sine composite, et qui permet aux patients pr\u00e9sentant des imperfections dentaires d&rsquo;am\u00e9liorer l&rsquo;apparence de leur sourire. Le mordan\u00e7age peut \u00eatre utilis\u00e9 pour refermer des espaces, modifier la couleur des dents, masquer toutes traces de d\u00e9coloration, r\u00e9parer des dents \u00e9br\u00e9ch\u00e9es, modifier la taille et la forme des dents et am\u00e9liorer l&rsquo;apparence des dents croches ou mal align\u00e9es.<\/p>\n<p><strong>La proc\u00e9dure du mordan\u00e7age<\/strong><\/p>\n<p>Le mordan\u00e7age est une proc\u00e9dure assez simple.  Premi\u00e8rement, une solution chimique douce est appliqu\u00e9e sur l&rsquo;\u00e9mail. Une r\u00e9sine composite liquide est ensuite appliqu\u00e9e sur la surface de la dent. Un r\u00e9sine plus p\u00e2teuse est alors appliqu\u00e9e et model\u00e9e sur la dent et durcie \u00e0 la lumi\u00e8re pour produire un fini durable. Le produit est ensuite poli pour lui donner une lustre naturel. Le proc\u00e9d\u00e9 de mardan\u00e7age est g\u00e9n\u00e9ralement irr\u00e9versible. Selon le nombre de dents \u00e0 traiter, une seule visite prolong\u00e9e est habituellement suffisante pour compl\u00e9ter le traitement. Cette proc\u00e9dure ne n\u00e9cessite peu ou pas d&rsquo;anesth\u00e9sie.<\/p>\n\n","protected":false},"excerpt":{"rendered":"<p>Selon le nombre de dents \u00e0 traiter, une seule visite est g\u00e9n\u00e9ralement n\u00e9cessaire pour un traitement de mordan\u00e7age. Qu&rsquo;est-ce que le mordan\u00e7age \u00e0 la r\u00e9sine composite ? Le mordan\u00e7age est une forme de sculpture des dents effectu\u00e9e \u00e0 l&rsquo;aide d&rsquo;une r\u00e9sine composite, et qui permet aux patients pr\u00e9sentant des imperfections dentaires d&rsquo;am\u00e9liorer l&rsquo;apparence de leur&hellip;<\/p>\n","protected":false},"author":1,"featured_media":0,"parent":376,"menu_order":0,"comment_status":"open","ping_status":"open","template":"","meta":{"footnotes":""},"class_list":["post-363","page","type-page","status-publish","hentry"],"_links":{"self":[{"href":"https:\/\/quali-dent.ca\/fr\/wp-json\/wp\/v2\/pages\/363","targetHints":{"allow":["GET"]}}],"collection":[{"href":"https:\/\/quali-dent.ca\/fr\/wp-json\/wp\/v2\/pages"}],"about":[{"href":"https:\/\/quali-dent.ca\/fr\/wp-json\/wp\/v2\/types\/page"}],"author":[{"embeddable":true,"href":"https:\/\/quali-dent.ca\/fr\/wp-json\/wp\/v2\/users\/1"}],"replies":[{"embeddable":true,"href":"https:\/\/quali-dent.ca\/fr\/wp-json\/wp\/v2\/comments?post=363"}],"version-history":[{"count":1,"href":"https:\/\/quali-dent.ca\/fr\/wp-json\/wp\/v2\/pages\/363\/revisions"}],"predecessor-version":[{"id":670,"href":"https:\/\/quali-dent.ca\/fr\/wp-json\/wp\/v2\/pages\/363\/revisions\/670"}],"up":[{"embeddable":true,"href":"https:\/\/quali-dent.ca\/fr\/wp-json\/wp\/v2\/pages\/376"}],"wp:attachment":[{"href":"https:\/\/quali-dent.ca\/fr\/wp-json\/wp\/v2\/media?parent=363"}],"curies":[{"name":"wp","href":"https:\/\/api.w.org\/{rel}","templated":true}]}}