{"id":361,"date":"2014-11-10T14:07:01","date_gmt":"2014-11-10T14:07:01","guid":{"rendered":"http:\/\/quali-dent.ca\/blanchiment-des-dents\/"},"modified":"2024-08-23T17:26:49","modified_gmt":"2024-08-23T17:26:49","slug":"blanchiment-des-dents","status":"publish","type":"page","link":"https:\/\/quali-dent.ca\/fr\/services-dentaires\/blanchiment-des-dents\/","title":{"rendered":"Blanchiment des dents"},"content":{"rendered":"\n\n\t<p>Le traitement cosm\u00e9tique connu sous le nom de \u00ab\u00a0blanchiment\u00a0\u00bb ou d\u00e9coloration, est utilis\u00e9 pour blanchir l&rsquo;\u00e9mail des dents. La pigmentation, les taches laiss\u00e9es par le caf\u00e9, le th\u00e9, le tabac, le vin rouge ou l&rsquo;effet de certains m\u00e9dicaments comme la t\u00e9tracycline<img loading=\"lazy\" decoding=\"async\" src=\"http:\/\/quali-dent.ca\/wp-content\/uploads\/2014\/05\/whitening.jpg\" alt=\"Blanchiment des dents\" width=\"300\" height=\"303\" \/>sont quelques-unes des causes de la d\u00e9coloration ou de la formation de taches sur les dents. Le processus de blanchiment se fait par l&rsquo;application d&rsquo;un gel de peroxyde vers\u00e9 dans un contenant, comme un protecteur dentaire, pour permettre un contact direct avec la surface des dents. Ce gel n&rsquo;alt\u00e8re en rien la teinte des plombages de couleur existants ou des couronnes d\u00e9j\u00e0 en place.<\/p>\n<p>Selon les r\u00e9sultats souhait\u00e9s, le processus de blanchiment des dents \u00e0 la maison peut n\u00e9cessiter de 5 \u00e0 10 traitements, ce qui est plus \u00e9conomique que les traitements de blanchiment au laser effectu\u00e9s en clinique. Notre n\u00e9cessaire de blanchiment \u00e0 la maison comprend un gel s\u00fbr et approuv\u00e9 et un prot\u00e8ge-dents fait sur mesure pour permettre \u00e0 la solution de rester en contact avec l&rsquo;\u00e9mail de vos dents. Lorsque vous avez atteint votre objectif de blanchiment, vous n&rsquo;avez qu&rsquo;\u00e0 faire un \u00ab\u00a0rafra\u00eechissement\u00a0\u00bb par ann\u00e9e pour conserver votre magnifique sourire.<\/p>\n\n","protected":false},"excerpt":{"rendered":"<p>Le traitement cosm\u00e9tique connu sous le nom de \u00ab\u00a0blanchiment\u00a0\u00bb ou d\u00e9coloration, est utilis\u00e9 pour blanchir l&rsquo;\u00e9mail des dents. La pigmentation, les taches laiss\u00e9es par le caf\u00e9, le th\u00e9, le tabac, le vin rouge ou l&rsquo;effet de certains m\u00e9dicaments comme la t\u00e9tracyclinesont quelques-unes des causes de la d\u00e9coloration ou de la formation de taches sur les&hellip;<\/p>\n","protected":false},"author":1,"featured_media":0,"parent":376,"menu_order":0,"comment_status":"open","ping_status":"open","template":"","meta":{"footnotes":""},"class_list":["post-361","page","type-page","status-publish","hentry"],"_links":{"self":[{"href":"https:\/\/quali-dent.ca\/fr\/wp-json\/wp\/v2\/pages\/361","targetHints":{"allow":["GET"]}}],"collection":[{"href":"https:\/\/quali-dent.ca\/fr\/wp-json\/wp\/v2\/pages"}],"about":[{"href":"https:\/\/quali-dent.ca\/fr\/wp-json\/wp\/v2\/types\/page"}],"author":[{"embeddable":true,"href":"https:\/\/quali-dent.ca\/fr\/wp-json\/wp\/v2\/users\/1"}],"replies":[{"embeddable":true,"href":"https:\/\/quali-dent.ca\/fr\/wp-json\/wp\/v2\/comments?post=361"}],"version-history":[{"count":2,"href":"https:\/\/quali-dent.ca\/fr\/wp-json\/wp\/v2\/pages\/361\/revisions"}],"predecessor-version":[{"id":655,"href":"https:\/\/quali-dent.ca\/fr\/wp-json\/wp\/v2\/pages\/361\/revisions\/655"}],"up":[{"embeddable":true,"href":"https:\/\/quali-dent.ca\/fr\/wp-json\/wp\/v2\/pages\/376"}],"wp:attachment":[{"href":"https:\/\/quali-dent.ca\/fr\/wp-json\/wp\/v2\/media?parent=361"}],"curies":[{"name":"wp","href":"https:\/\/api.w.org\/{rel}","templated":true}]}}