{"id":360,"date":"2014-11-10T13:22:27","date_gmt":"2014-11-10T13:22:27","guid":{"rendered":"http:\/\/quali-dent.ca\/ponts-et-couronnes\/"},"modified":"2024-08-23T17:29:12","modified_gmt":"2024-08-23T17:29:12","slug":"ponts-et-couronnes","status":"publish","type":"page","link":"https:\/\/quali-dent.ca\/fr\/services-dentaires\/ponts-et-couronnes\/","title":{"rendered":"Ponts et Couronnes"},"content":{"rendered":"\n\n\t<p>Tout comme les facettes de porcelaine et le mordan\u00e7age, Quali-Dent offre l&rsquo;installation de couronnes et de ponts cosm\u00e9tiques d&rsquo;apparence aussi naturelle que vos dents saines. Contrairement aux proth\u00e8ses amovibles comme les dentiers, que vous pouvez enlever et nettoyer \u00e0 chaque jour, les couronnes et les ponts sont fix\u00e9s de mani\u00e8re permanente sur les dents existantes ou les implants.<\/p>\n<div id=\"attachment_309\" style=\"width: 450px\" class=\"wp-caption alignright\"><img loading=\"lazy\" decoding=\"async\" aria-describedby=\"caption-attachment-309\" src=\"http:\/\/quali-dent.ca\/wp-content\/uploads\/2014\/05\/dental-bridge.jpg\" alt=\"Pont dentaire\" width=\"440\" height=\"308\" \/><p id=\"caption-attachment-309\" class=\"wp-caption-text\">Pont dentaire<\/p><\/div>\n<p>Chez Quali-Dent, notre philosophie est de privil\u00e9gier le plus possible les m\u00e9thodes non-invasives, et pour cette raison nous ne sugg\u00e9rons l&rsquo;installation d&rsquo;un pont uniquement lorsqu&rsquo;une dent est trop endommag\u00e9e pour utiliser le mordan\u00e7age ou une facette, ou si une couronne d\u00e9j\u00e0 existante doit \u00eatre remplac\u00e9e. Une couronne peut aussi \u00eatre install\u00e9e sur un implant pour cr\u00e9er une nouvelle dent. La porcelaine utilis\u00e9e pour la fabrication des ponts est la m\u00eame que pour les facettes de porcelaine, et permet de cr\u00e9er une apparence naturelle.<\/p>\n<p>Quali-Dent pourrait recommander l&rsquo;installation d&rsquo;un pont afin de combler l&rsquo;espace caus\u00e9 par une ou plusieurs dents manquantes. Ce type de remplacement est souvent n\u00e9cessaire parce que les espaces laiss\u00e9s par des dents manquantes peuvent \u00e9ventuellement provoquer une rotation ou un d\u00e9placement des dents restantes, ce qui risque d&rsquo;engendrer plusieurs probl\u00e8mes, comme une malocclusion, des maladies de gencives ou une dysfonction de l&rsquo;articulation temporo-mandibulaire (ATM). Les ponts sont fix\u00e9s \u00e0 la dent naturelle ou implant\u00e9s dans les espaces vides environnants.<\/p>\n<p>Appelez Quali-Dent au 622-3777 pour demander une consultation et pour v\u00e9rifier si l&rsquo;installation de couronnes ou de ponts pourrait s&rsquo;appliquer dans votre cas.<\/p>\n\n","protected":false},"excerpt":{"rendered":"<p>Tout comme les facettes de porcelaine et le mordan\u00e7age, Quali-Dent offre l&rsquo;installation de couronnes et de ponts cosm\u00e9tiques d&rsquo;apparence aussi naturelle que vos dents saines. Contrairement aux proth\u00e8ses amovibles comme les dentiers, que vous pouvez enlever et nettoyer \u00e0 chaque jour, les couronnes et les ponts sont fix\u00e9s de mani\u00e8re permanente sur les dents existantes&hellip;<\/p>\n","protected":false},"author":1,"featured_media":0,"parent":376,"menu_order":0,"comment_status":"open","ping_status":"open","template":"","meta":{"footnotes":""},"class_list":["post-360","page","type-page","status-publish","hentry"],"_links":{"self":[{"href":"https:\/\/quali-dent.ca\/fr\/wp-json\/wp\/v2\/pages\/360","targetHints":{"allow":["GET"]}}],"collection":[{"href":"https:\/\/quali-dent.ca\/fr\/wp-json\/wp\/v2\/pages"}],"about":[{"href":"https:\/\/quali-dent.ca\/fr\/wp-json\/wp\/v2\/types\/page"}],"author":[{"embeddable":true,"href":"https:\/\/quali-dent.ca\/fr\/wp-json\/wp\/v2\/users\/1"}],"replies":[{"embeddable":true,"href":"https:\/\/quali-dent.ca\/fr\/wp-json\/wp\/v2\/comments?post=360"}],"version-history":[{"count":1,"href":"https:\/\/quali-dent.ca\/fr\/wp-json\/wp\/v2\/pages\/360\/revisions"}],"predecessor-version":[{"id":667,"href":"https:\/\/quali-dent.ca\/fr\/wp-json\/wp\/v2\/pages\/360\/revisions\/667"}],"up":[{"embeddable":true,"href":"https:\/\/quali-dent.ca\/fr\/wp-json\/wp\/v2\/pages\/376"}],"wp:attachment":[{"href":"https:\/\/quali-dent.ca\/fr\/wp-json\/wp\/v2\/media?parent=360"}],"curies":[{"name":"wp","href":"https:\/\/api.w.org\/{rel}","templated":true}]}}