{"id":358,"date":"2014-11-10T11:53:20","date_gmt":"2014-11-10T11:53:20","guid":{"rendered":"http:\/\/quali-dent.ca\/facettes-et-couronnes\/"},"modified":"2024-08-23T17:27:14","modified_gmt":"2024-08-23T17:27:14","slug":"facettes-et-couronnes","status":"publish","type":"page","link":"https:\/\/quali-dent.ca\/fr\/services-dentaires\/facettes-et-couronnes\/","title":{"rendered":"Facettes et couronnes"},"content":{"rendered":"\n\n\t<p>Les facettes sont des coquilles ultra-minces en c\u00e9ramique (porcelaine) ou en r\u00e9sine composite, qui sont fix\u00e9es sur le devant des dents. Cette proc\u00e9dure ne n\u00e9cessite peu ou pas d&rsquo;anesth\u00e9sie et peut \u00eatre un choix id\u00e9al pour am\u00e9liorer l&rsquo;apparence des dents avant. Les facettes sont install\u00e9es pour masquer la d\u00e9coloration, pour \u00e9claircir la teinte des dents et pour am\u00e9liorer le sourire.<\/p>\n<div id=\"attachment_81\" style=\"width: 284px\" class=\"wp-caption alignright\"><img loading=\"lazy\" decoding=\"async\" aria-describedby=\"caption-attachment-81\" src=\"http:\/\/quali-dent.ca\/wp-content\/uploads\/2014\/05\/veneers.jpg\" alt=\"Facettes\" width=\"274\" height=\"192\" \/><p id=\"caption-attachment-81\" class=\"wp-caption-text\">Facettes<\/p><\/div>\n<p>Les dents sont l\u00e9g\u00e8rement ponc\u00e9es pour permettre \u00e0 l&rsquo;\u00e9paisseur ajout\u00e9e de la facette de s&rsquo;ajuster naturellement sur la surface. Habituellement, environ un demi millim\u00e8tre de dent est enlev\u00e9, ce qui peut n\u00e9cessiter une anesth\u00e9sie locale. Les facettes en r\u00e9sine composite sont habituellement fabriqu\u00e9es lors d&rsquo;un seul rendez-vous. Lorsque la dent est pr\u00eate, nos dentistes installent et sculptent le mat\u00e9riau composite sur votre dent. Pour les facettes en c\u00e9ramique, les dents sont moul\u00e9es, et cette empreinte est envoy\u00e9e au laboratoire pour la fabrication des facettes. Ceci peut prendre plusieurs jours. Si la modification des dents est trop inesth\u00e9tique, des facettes temporaires peuvent \u00eatre install\u00e9es, sans frais suppl\u00e9mentaires.<\/p>\n<p>Lorsque vos facettes de c\u00e9ramique sont pr\u00eates, les Dr. Gauthier, Marchand ou Mahibir les mettent en place pour v\u00e9rifier le bon ajustement avec la surface ponc\u00e9e et pour obtenir un aper\u00e7u de la teinte ou de la couleur du produit final. Lorsque les facettes sont en place sur vos dents, vous pouvez voir le r\u00e9sultat final et porter une attention particuli\u00e8re \u00e0 la couleur. \u00c0 cette \u00e9tape du processus, il est encore possible d&rsquo;ajuster les facettes en donnant la teinte voulue au ciment dentaire utilis\u00e9. La couleur ne peut pas \u00eatre modifi\u00e9e apr\u00e8s l&rsquo;installation des facettes. Pour installer la facette, la dent est nettoy\u00e9e avec des produits chimiques sp\u00e9cifiques qui aideront \u00e0 la fixer. Lorsque le ciment dentaire est appliqu\u00e9 entre la dent et la facette, un faisceau lumineux est utilis\u00e9 pour durcir le ciment. Cette proc\u00e9dure am\u00e9liorera consid\u00e9rablement votre sourire et pourra vous redonner confiance en vous.<\/p>\n<div id=\"attachment_82\" style=\"width: 360px\" class=\"wp-caption alignright\"><img loading=\"lazy\" decoding=\"async\" aria-describedby=\"caption-attachment-82\" src=\"http:\/\/quali-dent.ca\/wp-content\/uploads\/2014\/05\/veneers_ba.jpg\" alt=\"Les facettes : avant et apr\u00e8s\" width=\"350\" height=\"378\" \/><p id=\"caption-attachment-82\" class=\"wp-caption-text\">Les facettes : avant et apr\u00e8s<\/p><\/div>\n<strong>Pourquoi une facette ? <\/strong><br \/>\nDans plusieurs cas, les facettes sont une excellente alternative aux couronnes puisque leur installation utilise une approche beaucoup plus conservatrice pour la modification de la couleur, de la taille et de la forme d&rsquo;une dent. Les facettes peuvent masquer les d\u00e9fauts ind\u00e9sirables, tels que les taches caus\u00e9es par la t\u00e9tracycline et les dommages caus\u00e9s en raison d&rsquo;une blessure ou d&rsquo;un traitement de canal et sont id\u00e9ales pour dissimuler les plombages d\u00e9color\u00e9s sur les dents avant. Les gens qui ont des espaces entre les dents avant ou qui ont des dents \u00e9br\u00e9ch\u00e9es ou us\u00e9es envisagent souvent le recours aux facettes pour am\u00e9liorer la condition de leurs dents. Les facettes peuvent durer plusieurs ann\u00e9es et en raison du succ\u00e8s remarquable de Quali-Dent dans le domaine de l&rsquo;installation de facettes dentaires, les patients profitent d&rsquo;une long\u00e9vit\u00e9 de traitement accrue, alors n&rsquo;h\u00e9sitez plus et appelez-nous d\u00e8s aujourd&rsquo;hui au 622-3777 pour une consultation GRATUITE.\n<strong>Quels sont les avantages ?<\/strong><br \/>\n Les facettes de porcelaine r\u00e9solvent les m\u00eames types de probl\u00e8mes que le mordan\u00e7age &#8211; dents \u00e9br\u00e9ch\u00e9es, espaces, taches, d\u00e9coloration et dents croches ; par contre, les facettes sont plus solides et offrent un support suppl\u00e9mentaire. Les facettes donnent un meilleur r\u00e9sultat et sont plus durables que le mor\u00e7andage, par contre, elles n\u00e9cessitent les m\u00eames soins et le m\u00eame entretien que vos dents naturelles. Si des taches tr\u00e8s fonc\u00e9es doivent \u00eatre dissimul\u00e9es ou s&rsquo;il est n\u00e9cessaire de faire un agencement avec une couronne, l&rsquo;utilisation de facettes de porcelaine peut constituer un traitement de choix.\n<p>L&rsquo;installation de facettes de porcelaine n\u00e9cessite plus d&rsquo;une visite \u00e0 la clinique en raison du travail de laboratoire qui doit \u00eatre fait. Un minimum de fa\u00e7onnage doit \u00eatre effectu\u00e9 afin de cr\u00e9er l&rsquo;espace n\u00e9cessaire \u00e0 l&rsquo;installation de la facette. Les traitements sont g\u00e9n\u00e9ralement r\u00e9partis sur plusieurs rendez-vous. Entre chaque visite, les patients portent des facettes temporaires, une sorte d&#8217;empreinte de votre sourire qui nous permet de choisir l&rsquo;apparence du produit final.<\/p>\n<strong>Combien \u00e7a co\u00fbte ?<\/strong><br \/>\nLe co\u00fbt des facettes de porcelaine varie selon le choix de traitement souhait\u00e9. Chez Quali-Dent, nous sommes toujours ouverts \u00e0 discuter des diff\u00e9rentes options qui peuvent vous permettre d&rsquo;obtenir un sourire personnalis\u00e9, pour cette raison nous vous invitons \u00e0 communiquer avec nous au 622-3777 pour une <strong>consultation<\/strong>. \n\n","protected":false},"excerpt":{"rendered":"<p>Les facettes sont des coquilles ultra-minces en c\u00e9ramique (porcelaine) ou en r\u00e9sine composite, qui sont fix\u00e9es sur le devant des dents. Cette proc\u00e9dure ne n\u00e9cessite peu ou pas d&rsquo;anesth\u00e9sie et peut \u00eatre un choix id\u00e9al pour am\u00e9liorer l&rsquo;apparence des dents avant. Les facettes sont install\u00e9es pour masquer la d\u00e9coloration, pour \u00e9claircir la teinte des dents&hellip;<\/p>\n","protected":false},"author":1,"featured_media":0,"parent":376,"menu_order":0,"comment_status":"open","ping_status":"open","template":"","meta":{"footnotes":""},"class_list":["post-358","page","type-page","status-publish","hentry"],"_links":{"self":[{"href":"https:\/\/quali-dent.ca\/fr\/wp-json\/wp\/v2\/pages\/358","targetHints":{"allow":["GET"]}}],"collection":[{"href":"https:\/\/quali-dent.ca\/fr\/wp-json\/wp\/v2\/pages"}],"about":[{"href":"https:\/\/quali-dent.ca\/fr\/wp-json\/wp\/v2\/types\/page"}],"author":[{"embeddable":true,"href":"https:\/\/quali-dent.ca\/fr\/wp-json\/wp\/v2\/users\/1"}],"replies":[{"embeddable":true,"href":"https:\/\/quali-dent.ca\/fr\/wp-json\/wp\/v2\/comments?post=358"}],"version-history":[{"count":2,"href":"https:\/\/quali-dent.ca\/fr\/wp-json\/wp\/v2\/pages\/358\/revisions"}],"predecessor-version":[{"id":660,"href":"https:\/\/quali-dent.ca\/fr\/wp-json\/wp\/v2\/pages\/358\/revisions\/660"}],"up":[{"embeddable":true,"href":"https:\/\/quali-dent.ca\/fr\/wp-json\/wp\/v2\/pages\/376"}],"wp:attachment":[{"href":"https:\/\/quali-dent.ca\/fr\/wp-json\/wp\/v2\/media?parent=358"}],"curies":[{"name":"wp","href":"https:\/\/api.w.org\/{rel}","templated":true}]}}