{"id":354,"date":"2014-11-07T22:13:07","date_gmt":"2014-11-07T22:13:07","guid":{"rendered":"http:\/\/quali-dent.ca\/soins-durgence\/"},"modified":"2024-08-23T17:34:31","modified_gmt":"2024-08-23T17:34:31","slug":"soins-durgence","status":"publish","type":"page","link":"https:\/\/quali-dent.ca\/fr\/sante-dentaire\/soins-durgence\/","title":{"rendered":"Soins d&rsquo;urgence"},"content":{"rendered":"\n\n\t<p><strong>URGENCES DENTAIRES<\/strong><\/p>\n<p>La premi\u00e8re chose dont vous devez vous souvenir est de rester calme. Les blessures \u00e0 la bouche, au visage et aux dents arrivent tr\u00e8s souvent chez les enfants. En gardant votre calme et en agissant rapidement, vous aiderez \u00e0 minimiser les dommages caus\u00e9s par la blessure et \u00e0 r\u00e9duire l&rsquo;inconfort de votre enfant. La deuxi\u00e8me chose importante est de d\u00e9terminer si la blessure de votre enfant a \u00e9t\u00e9 caus\u00e9e par un coup \u00e0 la t\u00eate qui a provoqu\u00e9 une perte de conscience, m\u00eame br\u00e8ve. Si c&rsquo;est le cas, votre enfant devrait voir un m\u00e9decin dans les plus brefs d\u00e9lais. Nous nous occuperons de la bouche et des dents plus tard.<\/p>\n<p>Troisi\u00e8mement, essayez de contr\u00f4ler les saignements avec un linge propre. V\u00e9rifiez alors si des dents sont cass\u00e9es et\/ou manquantes. Si des dents sont manquantes, essayez de les retrouver et apportez-les avec vous \u00e0 la clinique. \u00a0Gardez les dents dans un milieu humide, pr\u00e9f\u00e9rablement du lait, ce qui augmentera les chances de les sauver.<\/p>\n\n","protected":false},"excerpt":{"rendered":"<p>URGENCES DENTAIRES La premi\u00e8re chose dont vous devez vous souvenir est de rester calme. Les blessures \u00e0 la bouche, au visage et aux dents arrivent tr\u00e8s souvent chez les enfants. En gardant votre calme et en agissant rapidement, vous aiderez \u00e0 minimiser les dommages caus\u00e9s par la blessure et \u00e0 r\u00e9duire l&rsquo;inconfort de votre enfant.&hellip;<\/p>\n","protected":false},"author":1,"featured_media":0,"parent":377,"menu_order":0,"comment_status":"open","ping_status":"open","template":"","meta":{"footnotes":""},"class_list":["post-354","page","type-page","status-publish","hentry"],"_links":{"self":[{"href":"https:\/\/quali-dent.ca\/fr\/wp-json\/wp\/v2\/pages\/354","targetHints":{"allow":["GET"]}}],"collection":[{"href":"https:\/\/quali-dent.ca\/fr\/wp-json\/wp\/v2\/pages"}],"about":[{"href":"https:\/\/quali-dent.ca\/fr\/wp-json\/wp\/v2\/types\/page"}],"author":[{"embeddable":true,"href":"https:\/\/quali-dent.ca\/fr\/wp-json\/wp\/v2\/users\/1"}],"replies":[{"embeddable":true,"href":"https:\/\/quali-dent.ca\/fr\/wp-json\/wp\/v2\/comments?post=354"}],"version-history":[{"count":2,"href":"https:\/\/quali-dent.ca\/fr\/wp-json\/wp\/v2\/pages\/354\/revisions"}],"predecessor-version":[{"id":675,"href":"https:\/\/quali-dent.ca\/fr\/wp-json\/wp\/v2\/pages\/354\/revisions\/675"}],"up":[{"embeddable":true,"href":"https:\/\/quali-dent.ca\/fr\/wp-json\/wp\/v2\/pages\/377"}],"wp:attachment":[{"href":"https:\/\/quali-dent.ca\/fr\/wp-json\/wp\/v2\/media?parent=354"}],"curies":[{"name":"wp","href":"https:\/\/api.w.org\/{rel}","templated":true}]}}