{"id":353,"date":"2014-11-09T23:42:10","date_gmt":"2014-11-09T23:42:10","guid":{"rendered":"http:\/\/quali-dent.ca\/dentisterie-de-sedation\/"},"modified":"2024-08-23T17:34:23","modified_gmt":"2024-08-23T17:34:23","slug":"dentisterie-de-sedation","status":"publish","type":"page","link":"https:\/\/quali-dent.ca\/fr\/sante-dentaire\/dentisterie-de-sedation\/","title":{"rendered":"Dentisterie hospitali\u00e8re"},"content":{"rendered":"\n\n\t<p>Bienvenue dans la section de la dentisterie hospitali\u00e8re ! Cette section est \u00e0 l&rsquo;attention des enfants et des adultes qui ont des besoins particuliers et dont la condition pourrait n\u00e9cessiter le recours \u00e0 une anesth\u00e9sie g\u00e9n\u00e9rale. La dentisterie hospitali\u00e8re comprend un ensemble de m\u00e9thodes de gestion de la douleur et de l&rsquo;anxi\u00e9t\u00e9 dont l&rsquo;anesth\u00e9sie g\u00e9n\u00e9rale utilis\u00e9e lors de soins professionnels de m\u00e9decine dentaire. Le Dr. Gauthier, notre sp\u00e9cialiste, poss\u00e8de plus de 35 ann\u00e9es d&rsquo;exp\u00e9rience en m\u00e9decine dentaire de base et restauratrice alors que les patients sont endormis sous la surveillance d&rsquo;un anesth\u00e9siste.<\/p>\n<p>L&rsquo;anesth\u00e9sie g\u00e9n\u00e9rale est une forme de s\u00e9dation profonde qui est utilis\u00e9e lorsque la s\u00e9dation par protoxyde d&rsquo;azote ne donne pas de r\u00e9sultats satisfaisants et ne permet pas d&rsquo;effectuer le traitement tel que pr\u00e9vu. Ce type de d&rsquo;anesth\u00e9sie est utilis\u00e9 dans un environnement hospitalier. <\/p>\n<p><img loading=\"lazy\" decoding=\"async\" src=\"http:\/\/quali-dent.ca\/wp-content\/uploads\/2014\/05\/dentalsurgery.jpg\" alt=\"Dentisterie hospitali\u00e8re\" width=\"300\" height=\"199\" \/>Un patient peut avoir besoin d&rsquo;une anesth\u00e9sie g\u00e9n\u00e9rale pour des traitements dentaires si un certain nombre de dents doit \u00eatre r\u00e9par\u00e9 ou si un enfant n&rsquo;est pas en mesure de collaborer lors de son rendez-vous. Selon la s\u00e9v\u00e9rit\u00e9 du cas et le niveau de coop\u00e9ration du patient, nous pouvons vous r\u00e9f\u00e9rer vers d&rsquo;autres coll\u00e8gues pour la r\u00e9alisation du traitement.<\/p>\n<p><strong>Anesth\u00e9sie g\u00e9n\u00e9rale ?<\/strong><\/p>\n<p>Il n&rsquo;est pas toujours n\u00e9cessaire de r\u00e9parer une carie. Si le d\u00e9veloppement d&rsquo;une carie n&rsquo;est pas avanc\u00e9 et que seule la surface de l&rsquo;\u00e9mail est atteinte, il est possible de renverser le processus avec une meilleur hygi\u00e8ne dentaire (avec des brossages de dents opportuns) et des applications topiques de fluorure. Des caries \u00e0 un stade plus avanc\u00e9 qui ont atteint les parties profondes de l&rsquo;\u00e9mail sont irr\u00e9versibles et doivent \u00eatre restaur\u00e9es en raison de la possibilit\u00e9 de douleurs dentaires, d&rsquo;infection et de perte de dent pr\u00e9coce. Les caries irr\u00e9versibles chez les enfants doivent \u00eatre trait\u00e9es. L&rsquo;enfant qui n\u00e9cessite un traitement dentaire, mais qui est trop anxieux pour subir ce traitement en cabinet, devra recevoir son traitement sous anesth\u00e9sie g\u00e9n\u00e9rale.<\/p>\n<ul>\n<li>Les jeunes enfants avec des caries simples ou multiples.<\/li>\n<li>Des enfants plus ag\u00e9s qui sont trop anxieux pour subir leur traitement en cabinet<\/li>\n<li>Les enfants avec des particularit\u00e9s- autisme, infirmit\u00e9 motrice c\u00e9r\u00e9brale, syndromes divers, etc.<\/li>\n<\/ul>\n<p><strong>Quels sont les risques ?<\/strong><\/p>\n<p>Les risques et les avantages seront abord\u00e9s en d\u00e9tail au moment de la consultation.<\/p>\n<p><strong>Quels sont les avantages ?<\/strong><\/p>\n<p>Le traitement des patients dans un contexte sans-douleur et non-traumatique comporte plusieurs avantages \u00e0 long-terme :<\/p>\n<ul>\n<li>Le traitement est sans-douleur et non-traumatique.<\/li>\n<li>Le traitement est s\u00fbr.<\/li>\n<li>Le patient re\u00e7oit tous les soins dentaires en une seule fois.<\/li>\n<li>Votre enfant gardera un souvenir positif de sa visite chez le dentiste, ce qui. selon certaines \u00e9tudes, permet de d\u00e9velopper une attitude positive \u00e0 l&rsquo;\u00e9gard des soins dentaires.<\/li>\n<li>Il n&rsquo;y a aucun compromis sur la qualit\u00e9 du traitement, ce qui permet d&rsquo;effectuer des restaurations plus durables.<\/li>\n<\/ul>\n<p>Des restaurations bien faites et d&rsquo;allure naturelle n\u00e9cessitent un bonne coop\u00e9ration de la part du patient. L&rsquo;anesth\u00e9sie g\u00e9n\u00e9rale contribue \u00e0 donner d&rsquo;excellent r\u00e9sultat en terme d&rsquo;esth\u00e9tisme et de long\u00e9vit\u00e9 du traitement.<\/p>\n\n","protected":false},"excerpt":{"rendered":"<p>Bienvenue dans la section de la dentisterie hospitali\u00e8re ! Cette section est \u00e0 l&rsquo;attention des enfants et des adultes qui ont des besoins particuliers et dont la condition pourrait n\u00e9cessiter le recours \u00e0 une anesth\u00e9sie g\u00e9n\u00e9rale. La dentisterie hospitali\u00e8re comprend un ensemble de m\u00e9thodes de gestion de la douleur et de l&rsquo;anxi\u00e9t\u00e9 dont l&rsquo;anesth\u00e9sie g\u00e9n\u00e9rale&hellip;<\/p>\n","protected":false},"author":1,"featured_media":0,"parent":377,"menu_order":0,"comment_status":"open","ping_status":"open","template":"","meta":{"footnotes":""},"class_list":["post-353","page","type-page","status-publish","hentry"],"_links":{"self":[{"href":"https:\/\/quali-dent.ca\/fr\/wp-json\/wp\/v2\/pages\/353","targetHints":{"allow":["GET"]}}],"collection":[{"href":"https:\/\/quali-dent.ca\/fr\/wp-json\/wp\/v2\/pages"}],"about":[{"href":"https:\/\/quali-dent.ca\/fr\/wp-json\/wp\/v2\/types\/page"}],"author":[{"embeddable":true,"href":"https:\/\/quali-dent.ca\/fr\/wp-json\/wp\/v2\/users\/1"}],"replies":[{"embeddable":true,"href":"https:\/\/quali-dent.ca\/fr\/wp-json\/wp\/v2\/comments?post=353"}],"version-history":[{"count":2,"href":"https:\/\/quali-dent.ca\/fr\/wp-json\/wp\/v2\/pages\/353\/revisions"}],"predecessor-version":[{"id":674,"href":"https:\/\/quali-dent.ca\/fr\/wp-json\/wp\/v2\/pages\/353\/revisions\/674"}],"up":[{"embeddable":true,"href":"https:\/\/quali-dent.ca\/fr\/wp-json\/wp\/v2\/pages\/377"}],"wp:attachment":[{"href":"https:\/\/quali-dent.ca\/fr\/wp-json\/wp\/v2\/media?parent=353"}],"curies":[{"name":"wp","href":"https:\/\/api.w.org\/{rel}","templated":true}]}}