{"id":352,"date":"2014-11-07T12:13:30","date_gmt":"2014-11-07T12:13:30","guid":{"rendered":"http:\/\/quali-dent.ca\/gestion-des-comportements\/"},"modified":"2024-08-23T17:34:13","modified_gmt":"2024-08-23T17:34:13","slug":"gestion-des-comportements","status":"publish","type":"page","link":"https:\/\/quali-dent.ca\/fr\/sante-dentaire\/gestion-des-comportements\/","title":{"rendered":"Gestion des comportements"},"content":{"rendered":"\n\n\t<p>Nous invitons les parents \u00e0 accompagner leur b\u00e9b\u00e9 ou leur jeune enfant lors de son premier examen dentaire, et lors des visites subs\u00e9quentes. Nous abordons cette r\u00e9alit\u00e9 par une approche d&rsquo;\u00e9quipe afin d&rsquo;aider votre tout-petit \u00e0 vaincre ses appr\u00e9hensions et cr\u00e9er l&rsquo;environnement le plus s\u00e9curitaire qui soit dans une ambiance positive.<\/p>\n<p><img loading=\"lazy\" decoding=\"async\" src=\"http:\/\/quali-dent.ca\/wp-content\/uploads\/2014\/05\/behavior.jpg\" alt=\"Gestion des comportements\" width=\"300\" height=\"346\" \/>Nous avons constat\u00e9 que lorsqu&rsquo;un certain niveau de confort est atteint, plusieurs jeunes enfants se sentent suffisamment en confiance pour entrer seuls dans la zone de traitement.  Nous croyons aussi que les enfants sont plus ouverts \u00e0 recevoir des traitements lorsqu&rsquo;ils sont seuls. Notre objectif premier est de rendre cette exp\u00e9rience la plus int\u00e9ressante possible. Pour pr\u00e9server la s\u00e9curit\u00e9 et la confidentialit\u00e9 de tous les patients, les enfants qui ne re\u00e7oivent pas de traitement doivent demeurer dans la salle d&rsquo;accueil sous la supervision d&rsquo;un adulte.<\/p>\n<p>Notre personnel dentaire met en pratique des techniques de gestion des comportements adapt\u00e9es au niveau de confort de votre enfant en cabinet. Nous utilisons diff\u00e9rentes techniques pour \u00e9tablir une communication positive avec votre enfant et mettre en place un environnement joyeux et confortable.<\/p>\n<ol>\n<li>Approche Tell-show-do (expliquer, d\u00e9montrer, r\u00e9aliser): il s&rsquo;agit d&rsquo;une approche ou la proc\u00e9dure est expliqu\u00e9e, d\u00e9montr\u00e9e puis r\u00e9alis\u00e9e.<\/li>\n<li>Communication non-verbale : renforcement et gestion des comportements par des contacts physiques, une posture, des expressions faciales et un langage corporel appropri\u00e9s.<\/li>\n<li>Renforcement positif : r\u00e9compenser un bon comportement par des \u00e9loges verbales et des r\u00e9compenses.<\/li>\n<li>Distraction : une technique ou l&rsquo;attention de l&rsquo;enfant est d\u00e9tourn\u00e9e des choses ou des \u00e9quipements qu&rsquo;il pourrait consid\u00e9rer comme mena\u00e7ant. L&rsquo;utilisation de pauses pendant une proc\u00e9dure peut \u00eatre utilis\u00e9e si n\u00e9cessaire.<\/li>\n<\/ol>\n\n","protected":false},"excerpt":{"rendered":"<p>Nous invitons les parents \u00e0 accompagner leur b\u00e9b\u00e9 ou leur jeune enfant lors de son premier examen dentaire, et lors des visites subs\u00e9quentes. Nous abordons cette r\u00e9alit\u00e9 par une approche d&rsquo;\u00e9quipe afin d&rsquo;aider votre tout-petit \u00e0 vaincre ses appr\u00e9hensions et cr\u00e9er l&rsquo;environnement le plus s\u00e9curitaire qui soit dans une ambiance positive. Nous avons constat\u00e9 que&hellip;<\/p>\n","protected":false},"author":1,"featured_media":0,"parent":377,"menu_order":0,"comment_status":"open","ping_status":"open","template":"","meta":{"footnotes":""},"class_list":["post-352","page","type-page","status-publish","hentry"],"_links":{"self":[{"href":"https:\/\/quali-dent.ca\/fr\/wp-json\/wp\/v2\/pages\/352","targetHints":{"allow":["GET"]}}],"collection":[{"href":"https:\/\/quali-dent.ca\/fr\/wp-json\/wp\/v2\/pages"}],"about":[{"href":"https:\/\/quali-dent.ca\/fr\/wp-json\/wp\/v2\/types\/page"}],"author":[{"embeddable":true,"href":"https:\/\/quali-dent.ca\/fr\/wp-json\/wp\/v2\/users\/1"}],"replies":[{"embeddable":true,"href":"https:\/\/quali-dent.ca\/fr\/wp-json\/wp\/v2\/comments?post=352"}],"version-history":[{"count":1,"href":"https:\/\/quali-dent.ca\/fr\/wp-json\/wp\/v2\/pages\/352\/revisions"}],"predecessor-version":[{"id":672,"href":"https:\/\/quali-dent.ca\/fr\/wp-json\/wp\/v2\/pages\/352\/revisions\/672"}],"up":[{"embeddable":true,"href":"https:\/\/quali-dent.ca\/fr\/wp-json\/wp\/v2\/pages\/377"}],"wp:attachment":[{"href":"https:\/\/quali-dent.ca\/fr\/wp-json\/wp\/v2\/media?parent=352"}],"curies":[{"name":"wp","href":"https:\/\/api.w.org\/{rel}","templated":true}]}}