{"id":351,"date":"2014-11-07T10:53:36","date_gmt":"2014-11-07T10:53:36","guid":{"rendered":"http:\/\/quali-dent.ca\/bienvenue-chez-quali-dent\/"},"modified":"2014-11-07T10:53:36","modified_gmt":"2014-11-07T10:53:36","slug":"bienvenue-chez-quali-dent","status":"publish","type":"page","link":"https:\/\/quali-dent.ca\/fr\/bienvenue-chez-quali-dent\/","title":{"rendered":"Bienvenue chez Quali-Dent"},"content":{"rendered":"<p><a href=\"http:\/\/quali-dent.ca\/wp-content\/uploads\/2014\/05\/rotate_family.jpg\"><img loading=\"lazy\" decoding=\"async\" class=\"alignright size-full wp-image-25\" src=\"http:\/\/quali-dent.ca\/wp-content\/uploads\/2014\/05\/rotate_family.jpg\" alt=\"rotation_famille\" width=\"1032\" height=\"440\" srcset=\"https:\/\/quali-dent.ca\/wp-content\/uploads\/2014\/05\/rotate_family.jpg 1032w, https:\/\/quali-dent.ca\/wp-content\/uploads\/2014\/05\/rotate_family-300x127.jpg 300w, https:\/\/quali-dent.ca\/wp-content\/uploads\/2014\/05\/rotate_family-1024x436.jpg 1024w\" sizes=\"auto, (max-width: 1032px) 100vw, 1032px\" \/><\/a><\/p>\n<h3>Clinique dentaire Quali-Dent<\/h3>\n<p>Quali-Dent est le premier cabinet de dentiste \u00e0 s&rsquo;\u00eatre \u00e9tabli sur la Miramichi. Desservant le nord du Nouveau-Brunswick, notre cabinet dentaire met \u00e0 la disposition de sa client\u00e8le un personnel qualifi\u00e9 et exp\u00e9riment\u00e9 qui utilise des techniques de pointe et des \u00e9quipements modernes.<\/p>\n<p>Quali-Dent dessert la r\u00e9gion de la Miramichi, de Tabusintac \u00e0 la Baie Sainte-Anne jusqu&rsquo;\u00e0 la haute Miramichi, et offre \u00e0 ses patients des soins dentaires de premi\u00e8re qualit\u00e9. Quali-Dent accueille avec plaisir les r\u00e9f\u00e9rences provenant de l&rsquo;ext\u00e9rieur de la r\u00e9gion de la Miramichi.<\/p>\n<p>821 King George Hwy, Miramichi, Niouveau-Brunswick, E1V 1P7<\/p>\n<p><em><strong>(506) 622-3777<\/strong><\/em><\/p>\n","protected":false},"excerpt":{"rendered":"<p>Clinique dentaire Quali-Dent Quali-Dent est le premier cabinet de dentiste \u00e0 s&rsquo;\u00eatre \u00e9tabli sur la Miramichi. Desservant le nord du Nouveau-Brunswick, notre cabinet dentaire met \u00e0 la disposition de sa client\u00e8le un personnel qualifi\u00e9 et exp\u00e9riment\u00e9 qui utilise des techniques de pointe et des \u00e9quipements modernes. Quali-Dent dessert la r\u00e9gion de la Miramichi, de Tabusintac&hellip;<\/p>\n","protected":false},"author":1,"featured_media":0,"parent":0,"menu_order":0,"comment_status":"open","ping_status":"open","template":"","meta":{"footnotes":""},"class_list":["post-351","page","type-page","status-publish","hentry"],"_links":{"self":[{"href":"https:\/\/quali-dent.ca\/fr\/wp-json\/wp\/v2\/pages\/351","targetHints":{"allow":["GET"]}}],"collection":[{"href":"https:\/\/quali-dent.ca\/fr\/wp-json\/wp\/v2\/pages"}],"about":[{"href":"https:\/\/quali-dent.ca\/fr\/wp-json\/wp\/v2\/types\/page"}],"author":[{"embeddable":true,"href":"https:\/\/quali-dent.ca\/fr\/wp-json\/wp\/v2\/users\/1"}],"replies":[{"embeddable":true,"href":"https:\/\/quali-dent.ca\/fr\/wp-json\/wp\/v2\/comments?post=351"}],"version-history":[{"count":0,"href":"https:\/\/quali-dent.ca\/fr\/wp-json\/wp\/v2\/pages\/351\/revisions"}],"wp:attachment":[{"href":"https:\/\/quali-dent.ca\/fr\/wp-json\/wp\/v2\/media?parent=351"}],"curies":[{"name":"wp","href":"https:\/\/api.w.org\/{rel}","templated":true}]}}