{"id":372,"date":"2014-11-14T22:46:34","date_gmt":"2014-11-14T22:46:34","guid":{"rendered":"http:\/\/quali-dent.ca\/nos-bureaux\/"},"modified":"2024-08-23T17:35:07","modified_gmt":"2024-08-23T17:35:07","slug":"nos-bureaux","status":"publish","type":"page","link":"http:\/\/quali-dent.ca\/fr\/a-propos-de-quali-dent\/nos-bureaux\/","title":{"rendered":"Nos bureaux"},"content":{"rendered":"\n\n\t<strong>Qui sommes-nous ?<\/strong><br \/>\nClinique Dentaire Quali-Dent a \u00e9t\u00e9 cr\u00e9\u00e9 en 1973; offrant une vaste gamme de soins dentaires et cosm\u00e9tiques, des plus petites caries jusqu&rsquo;aux dents bris\u00e9es, en passant par les maladies de gencives s\u00e9v\u00e8res et les probl\u00e8mes dentaires aig\u00fcs, en plus d&rsquo;offrir des services orthodontiques sur place.\n<div id=\"attachment_140\" style=\"width: 410px\" class=\"wp-caption alignright\"><img loading=\"lazy\" decoding=\"async\" aria-describedby=\"caption-attachment-140\" src=\"http:\/\/quali-dent.ca\/wp-content\/uploads\/2014\/05\/whoweare.jpg\" alt=\"Quali-Dent est l'une des cliniques dentaires familiales les plus r\u00e9put\u00e9es de la r\u00e9gion de Miramichi.\" width=\"400\" height=\"196\" \/><p id=\"caption-attachment-140\" class=\"wp-caption-text\">Quali-Dent est l&rsquo;une des cliniques dentaires familiales les plus r\u00e9put\u00e9es de la r\u00e9gion de Miramichi.<\/p><\/div>\n<p>Notre \u00e9quipe clinique est compos\u00e9e des docteurs Gauthier, Mahabir, et Pinder, qui sont des figures reconnues dans dans la communaut\u00e9 des professionnels dentaires, et qui offrent des consultations et des traitements individualis\u00e9s, des diagnostiques pr\u00e9coces, du d\u00e9pistage et des services de pr\u00e9vention aux patients de tous \u00e2ges.<\/p>\n<p>L&rsquo;\u00e9quipe de Quali-Dent essaie sans cesse d&rsquo;atteindre les normes d&rsquo;excellence les plus \u00e9lev\u00e9es, et elle est consciente que le secret de son succ\u00e8s repose sur le plaisir et la satisfaction v\u00e9ritable de voir ses clients heureux de retrouver un sourire resplendissant, comme ils l&rsquo;avaient souhait\u00e9s, ainsi qu&rsquo;une sant\u00e9 dentaire de qualit\u00e9. En offrant des solutions adapt\u00e9es et efficaces en soins dentaires et cosm\u00e9tiques, ainsi que des services d&rsquo;orthodontie, Quali-Dent cherche toujours \u00e0 obtenir des r\u00e9sultats exceptionnels dans toute la gamme de services et de proc\u00e9dures qu&rsquo;elle offre \u00e0 sa client\u00e8le.<\/p>\n<strong>\u00c9nonc\u00e9 de la mission Quali-Dent :<\/strong><br \/>\nLa responsabilit\u00e9 premi\u00e8re de Quali-Dent est de fournir des soins dentaires professionnels et des mesures de pr\u00e9vention de la maladie dans le respect du code d&rsquo;\u00e9thique de la profession dentaire. En tant qu&rsquo;\u00e9quipe, nous travaillons en harmonie pour offrir des choix de traitements qui r\u00e9pondent aux besoins de notre client\u00e8le, ainsi que les meilleures alternatives possibles pour la restauration en douceur et le maintien d&rsquo;un sourire resplendissant pour la vie.\n<p>En honorant ses responsabilit\u00e9s professionnelles, notre organisation arrive aussi \u00e0 cr\u00e9er des emplois offrant ainsi des avantages \u00e9conomiques mesurables et significatifs sous la forme de compensation aux employ\u00e9s, d&rsquo;achats aux fournisseurs de produits dentaires et de mat\u00e9riel destin\u00e9 aux entreprises, d&rsquo;investissements dans la communaut\u00e9 et par une contribution significative en taxes au profit du gouvernement du Nouveau-Brunswick.<\/p>\n<p><strong>Heures d&rsquo;ouverture et emplacement de la clinique<\/strong><\/p>\n<strong>Heures d&rsquo;ouverture<\/strong><br \/>\nNous sommes ouverts du lundi au vendredi de 8h \u00e0 17h00, bien que nous restions ouverts jusqu&rsquo;\u00e0 ce que le dernier patient ait \u00e9t\u00e9 vu. \u00a0Appelez-nous au 506-622-3777 pour prendre votre prochain rendez-vous ou pour demander une consultation.\n<p><strong>Emplacement de la clinique<\/strong><\/p>\nNos bureaux sont situ\u00e9s \u00e0 un emplacement strat\u00e9qique au :<br \/>\n821 King George Highway<br \/>\nMiramichi, NB E1V 1P7\n<p>Nous sommes situ\u00e9s sur la route principale de Miramichi, dans le seul b\u00e2timent <em>bleu-vert<\/em> \u00e0 un \u00e9tage, entre l&rsquo;ancienne municipalit\u00e9 de Newcastle et la communaut\u00e9 de Nordin. S&rsquo;il s&rsquo;agit de votre premi\u00e8re visite \u00e0 nos bureaux, vous pourrez trouver facilement le trajet pour vous rendre \u00e0 la clinique en consultant <a title=\"Contacts\" href=\"http:\/\/quali-dent.ca\/contacts\/?lang=fr\">Google Map<\/a>. Si vous avez besoin d&rsquo;une aide suppl\u00e9mentaire, veuillez communiquer avec nous au 506-622-3777 et ils nous fera plaisir de vous aider \u00e0 trouver le bon trajet pour vous rendre jusqu&rsquo;\u00e0 nous !<\/p>\n\n","protected":false},"excerpt":{"rendered":"<p>Qui sommes-nous ? Clinique Dentaire Quali-Dent a \u00e9t\u00e9 cr\u00e9\u00e9 en 1973; offrant une vaste gamme de soins dentaires et cosm\u00e9tiques, des plus petites caries jusqu&rsquo;aux dents bris\u00e9es, en passant par les maladies de gencives s\u00e9v\u00e8res et les probl\u00e8mes dentaires aig\u00fcs, en plus d&rsquo;offrir des services orthodontiques sur place. Notre \u00e9quipe clinique est compos\u00e9e des docteurs&hellip;<\/p>\n","protected":false},"author":1,"featured_media":0,"parent":379,"menu_order":0,"comment_status":"open","ping_status":"open","template":"","meta":{"footnotes":""},"class_list":["post-372","page","type-page","status-publish","hentry"],"_links":{"self":[{"href":"http:\/\/quali-dent.ca\/fr\/wp-json\/wp\/v2\/pages\/372","targetHints":{"allow":["GET"]}}],"collection":[{"href":"http:\/\/quali-dent.ca\/fr\/wp-json\/wp\/v2\/pages"}],"about":[{"href":"http:\/\/quali-dent.ca\/fr\/wp-json\/wp\/v2\/types\/page"}],"author":[{"embeddable":true,"href":"http:\/\/quali-dent.ca\/fr\/wp-json\/wp\/v2\/users\/1"}],"replies":[{"embeddable":true,"href":"http:\/\/quali-dent.ca\/fr\/wp-json\/wp\/v2\/comments?post=372"}],"version-history":[{"count":5,"href":"http:\/\/quali-dent.ca\/fr\/wp-json\/wp\/v2\/pages\/372\/revisions"}],"predecessor-version":[{"id":680,"href":"http:\/\/quali-dent.ca\/fr\/wp-json\/wp\/v2\/pages\/372\/revisions\/680"}],"up":[{"embeddable":true,"href":"http:\/\/quali-dent.ca\/fr\/wp-json\/wp\/v2\/pages\/379"}],"wp:attachment":[{"href":"http:\/\/quali-dent.ca\/fr\/wp-json\/wp\/v2\/media?parent=372"}],"curies":[{"name":"wp","href":"https:\/\/api.w.org\/{rel}","templated":true}]}}