{"id":369,"date":"2014-11-13T12:07:06","date_gmt":"2014-11-13T12:07:06","guid":{"rendered":"http:\/\/quali-dent.ca\/traitement-dhygiene-dentaire\/"},"modified":"2024-08-23T17:27:30","modified_gmt":"2024-08-23T17:27:30","slug":"traitement-dhygiene-dentaire","status":"publish","type":"page","link":"http:\/\/quali-dent.ca\/fr\/services-dentaires\/traitement-dhygiene-dentaire\/","title":{"rendered":"Traitement d&rsquo;hygi\u00e8ne dentaire"},"content":{"rendered":"\n\n\t<p>Quali-Dent a comme objectif d&rsquo;aider ses clients, actuels et nouveaux, \u00e0 atteindre le meilleur \u00e9tat de sant\u00e9 buccodentaire possible. Avec nos soins complets d&rsquo;hygi\u00e8ne dentaire, nous offrons une approche personnalis\u00e9e qui va bien au-del\u00e0 du nettoyage des dents. Cela nous donne aussi l&rsquo;opportunit\u00e9 de d\u00e9terminer vos besoins sp\u00e9cifiques et votre vuln\u00e9rabilit\u00e9 aux maladies des gencives.<\/p>\n<div id=\"attachment_143\" style=\"width: 410px\" class=\"wp-caption alignright\"><img loading=\"lazy\" decoding=\"async\" aria-describedby=\"caption-attachment-143\" src=\"http:\/\/quali-dent.ca\/wp-content\/uploads\/2014\/05\/cleaning.jpg\" alt=\"Traitement d'hygi\u00e8ne dentaire\" width=\"400\" height=\"267\" \/><p id=\"caption-attachment-143\" class=\"wp-caption-text\">Traitement d&rsquo;hygi\u00e8ne dentaire<\/p><\/div>\n<p>Si ces besoins sp\u00e9cifiques ne sont pas connus, de telles infections pourraient endommager les os ou d\u00e9truire les tissus situ\u00e9s autour des dents. La maladie des gencives (parodontale) est tr\u00e8s courante, il s&rsquo;agit d&rsquo;une infection bact\u00e9rienne (incolore) caus\u00e9e par la pr\u00e9sence de plaque dentaire. Lorsque cette pellicule bact\u00e9rienne humide se durcit, elle forme le tartre, un compos\u00e9 encore plus difficile \u00e0 enlever.  Si ces bact\u00e9ries ne sont pas enlev\u00e9es convenablement, elles peuvent potentiellement d\u00e9truire les tissus des gencives et passer \u00e0 une \u00e9tape plus avanc\u00e9es de la maladie. Si la plaque se d\u00e9place plus profond\u00e9ment vers la racine de la dent, elle peut d\u00e9truire les os de soutien de la dent, ce qui peut provoquer un deserrement des dents. Puisque la maladie des gencives est la premi\u00e8re cause de la perte des dents chez les adultes, des examens dentaires et des nettoyages r\u00e9guliers sont n\u00e9cessaires, en plus des brossages et de l&rsquo;utilisation quotidienne du fil de soie dentaire entre les examens qui sont essentiels pour pr\u00e9venir la perte des dents.<\/p>\n<p>Quali-Dent veut que vous gardiez vos dents pour la vie; nous travaillerons donc avec vous pour faire en sorte que vos gencives et vos os restent en sant\u00e9. Appelez-nous au 622-3777 d\u00e8s aujourd&rsquo;hui pour un traitement d&rsquo;hygi\u00e8ne dentaire (nettoyage). En plus du nettoyage, nos hygi\u00e9nistes dentaires pourront effectuer un polissage de vos dents pour vous redonner un sourire \u00e9clatant.<\/p>\n<p>Plusieurs patients ont la chance d&rsquo;avoir acc\u00e8s \u00e0 une assurance dentaire. \u00a0Le fait de poss\u00e9der une assurance ne devrait pas influencer votre d\u00e9cision d&rsquo;adh\u00e9rer ou non \u00e0 un plan de sant\u00e9 dentaire. \u00a0Vous \u00e9conomiserez de l&rsquo;argent et profiterez plus de la vie en adoptant un plan d&rsquo;entretien dentaire pr\u00e9ventif qui vous prot\u00e9gera contre une mauvaise hygi\u00e8ne dentaire.<\/p>\n<p>Quali-Dent recommande et encourage le brossage des dents deux fois par jour et l&rsquo;utilisation r\u00e9guli\u00e8re du fil de soie dentaire entre les visites \u00e0 la clinique pour garder votre sourire sain et \u00e9clatant.  Des visites en clinique sont recommand\u00e9es \u00e0 tous les 6 \u00e0 12 mois.<\/p>\n<ul>\n<li><strong>La plaque dentaire<\/strong> est un d\u00e9p\u00f4t blanch\u00e2tre qui se forme \u00e0 la surface des dents. Elle se forme lorsque des bact\u00e9ries (microbes) se m\u00e9langent \u00e0 la salive et aux aliments. La plaque contient plusieurs types de bact\u00e9ries. Vous pouvez \u00e9liminer la plaque par une bonne hygi\u00e8ne dentaire.<\/li>\n<li><strong>Le tartre<\/strong> est une plaque calcifi\u00e9e durcie. Il se fixe fermement \u00e0 la surface des dents. Habituellement, il ne peut \u00eatre enlev\u00e9 que par le dentiste ou une hygi\u00e9niste dentaire au moyen d&rsquo;instruments sp\u00e9ciaux.<\/li>\n<\/ul>\n<p>Vos dents ne constituent pas la seule partie importante de votre bouche. Vos gencives aussi sont essentielles \u00e0 l&rsquo;hygi\u00e8ne buccodentaire. Si vous avez des questions sur l&rsquo;adoption d&rsquo;une bonne routine d&rsquo;hygi\u00e8ne dentaire, souvenez-vous que nous sommes l\u00e0 pour vous aider.<\/p>\n\n","protected":false},"excerpt":{"rendered":"<p>Quali-Dent a comme objectif d&rsquo;aider ses clients, actuels et nouveaux, \u00e0 atteindre le meilleur \u00e9tat de sant\u00e9 buccodentaire possible. Avec nos soins complets d&rsquo;hygi\u00e8ne dentaire, nous offrons une approche personnalis\u00e9e qui va bien au-del\u00e0 du nettoyage des dents. Cela nous donne aussi l&rsquo;opportunit\u00e9 de d\u00e9terminer vos besoins sp\u00e9cifiques et votre vuln\u00e9rabilit\u00e9 aux maladies des gencives.&hellip;<\/p>\n","protected":false},"author":1,"featured_media":0,"parent":376,"menu_order":0,"comment_status":"open","ping_status":"open","template":"","meta":{"footnotes":""},"class_list":["post-369","page","type-page","status-publish","hentry"],"_links":{"self":[{"href":"http:\/\/quali-dent.ca\/fr\/wp-json\/wp\/v2\/pages\/369","targetHints":{"allow":["GET"]}}],"collection":[{"href":"http:\/\/quali-dent.ca\/fr\/wp-json\/wp\/v2\/pages"}],"about":[{"href":"http:\/\/quali-dent.ca\/fr\/wp-json\/wp\/v2\/types\/page"}],"author":[{"embeddable":true,"href":"http:\/\/quali-dent.ca\/fr\/wp-json\/wp\/v2\/users\/1"}],"replies":[{"embeddable":true,"href":"http:\/\/quali-dent.ca\/fr\/wp-json\/wp\/v2\/comments?post=369"}],"version-history":[{"count":1,"href":"http:\/\/quali-dent.ca\/fr\/wp-json\/wp\/v2\/pages\/369\/revisions"}],"predecessor-version":[{"id":662,"href":"http:\/\/quali-dent.ca\/fr\/wp-json\/wp\/v2\/pages\/369\/revisions\/662"}],"up":[{"embeddable":true,"href":"http:\/\/quali-dent.ca\/fr\/wp-json\/wp\/v2\/pages\/376"}],"wp:attachment":[{"href":"http:\/\/quali-dent.ca\/fr\/wp-json\/wp\/v2\/media?parent=369"}],"curies":[{"name":"wp","href":"https:\/\/api.w.org\/{rel}","templated":true}]}}