{"id":356,"date":"2014-11-09T23:36:08","date_gmt":"2014-11-09T23:36:08","guid":{"rendered":"http:\/\/quali-dent.ca\/services-orthodontiques\/"},"modified":"2024-08-23T17:26:15","modified_gmt":"2024-08-23T17:26:15","slug":"services-orthodontiques","status":"publish","type":"page","link":"http:\/\/quali-dent.ca\/fr\/services-dentaires\/services-orthodontiques\/","title":{"rendered":"Services orthodontiques"},"content":{"rendered":"\n\n\t<p>\u00c0 une autre \u00e9poque, les traitements orthodontiques \u00e9taient utilis\u00e9s seulement pour les pr\u00e9-adolescents et adolescents ayant des probl\u00e8mes de malocclusion dentaire (mauvaise fermeture des dents) et impliquait g\u00e9n\u00e9ralement de long trajets pour les patients vivant dans la r\u00e9gion de la Miramichi. De nos jours, les traitements orthodontiques comme les broches ne sont pas r\u00e9serv\u00e9s qu&rsquo;aux adolescents et pr\u00e9-adolescents, mais peuvent \u00eatre recommand\u00e9s aussi pour les adultes. Si vous \u00eates un patient de Quali-Dent, vous aurez droit \u00e0 un traitement qui ne n\u00e9cessite pas de longs d\u00e9placements comme c&rsquo;\u00e9tait le cas \u00e0 l&rsquo;\u00e9poque. Quali-Dent est maintenant associ\u00e9e avec deux orthodontistes qui visitent r\u00e9guli\u00e8rement la clinique, permettant ainsi \u00e0 la population de b\u00e9n\u00e9ficier de services orthodontiques dans leur r\u00e9gion.<\/p>\n<p><strong>Dans quels cas devriez-vous voir un orthodontiste ?<\/strong><\/p>\n<p> La position de vos dents et de votre m\u00e2choire influencent la fermeture de votre bouche et celle-ci est d\u00e9termin\u00e9e par le rapport de fermeture entre les dents du haut et celles du bas. Lorsque ce rapport de fermeture est inad\u00e9quat, il est appel\u00e9 malocclusion ou mauvaise fermeture des dents. Des probl\u00e8mes comme la perte d&rsquo;une dent, le mauvais alignement, le chevauchement, les dents avanc\u00e9es ou le fait de sucer son pouce ou ses doigts (chez les b\u00e9b\u00e9s ou les jeunes enfants) peuvent contribuer au d\u00e9veloppement d&rsquo;une mauvaise fermeture ou d&rsquo;une fermeture anormale des dents. Les diff\u00e9rents types de probl\u00e8mes d&rsquo;occlusion dentaires comprennent la surocclusion, l&rsquo;occlusion crois\u00e9e, le surplomb incisif et l&rsquo;infraclusion, qui rendent tous la mastication de certains aliments difficile ou qui peuvent provoquer une usure pr\u00e9matur\u00e9e de vos dents. Ils peuvent aussi causer des tensions musculaires et de la douleur. Les dents qui ressortent sont plus sujettes aux cassures et \u00e0 l&rsquo;\u00e9caillement. Les dents qui sont mal align\u00e9es et celles qui se chevauchent sont plus difficiles \u00e0 nettoyer et sont plus sujettes \u00e0 la carie et aux probl\u00e8mes de gencives. La correction d&rsquo;une mauvaise occlusion n&rsquo;am\u00e9liore pas seulement votre sourire, elle am\u00e9liore aussi votre sant\u00e9 buccale g\u00e9n\u00e9rale.<\/p>\n<p><strong>Traitements orthodontiques<\/strong><\/p>\n<p>Selon votre degr\u00e9 de malocclusion, Quali-Dent vous r\u00e9f\u00e9rera \u00e0 l&rsquo;un de nos orthodontistes qui pourra vous sugg\u00e9rer un traitement ou une combinaison des traitements suivants pour corriger votre anomalie : <\/p>\n<ul>\n<li>L&rsquo;installation de broches<\/li>\n<li>Des appareils dentaires amovibles<\/li>\n<li>Arr\u00eatoirs<\/li>\n<li>Chirurgie buccale<\/li>\n<\/ul>\n<p><strong>Broches<\/strong><\/p>\n<p><img loading=\"lazy\" decoding=\"async\" src=\"http:\/\/quali-dent.ca\/wp-content\/uploads\/2014\/05\/braces.jpg\" alt=\"Broches\" width=\"300\" height=\"160\" \/>Le type de traitement orthodontique le plus courant est l&rsquo;installation de broches. Les broches utilis\u00e9es aujourd&rsquo;hui sont plus petites et moins apparentes. En plus des broches traditionnelles en m\u00e9tal, il existe des broches en c\u00e9ramique teint\u00e9es (agenc\u00e9es \u00e0 la couleur des dents) qui sont plus discr\u00e8tes. Des aligneurs clairs sont aussi disponibles pour les adultes. Les broches et les \u00e9lastiques peuvent aussi \u00eatre multicolore. Parlez \u00e0 votre professionnel chez Quali-Dent pour conna\u00eetre les choix qui s&rsquo;offrent \u00e0 vous et pour en savoir plus sur la fa\u00e7on dont nous pouvons transformer votre sourire plus facilement, en vous offrant : moins de d\u00e9placements et des traitements de pointe sur place par un orthodontiste accr\u00e9dit\u00e9.<\/p>\n<p><strong>Quel est la dur\u00e9e du traitement ?<\/strong><\/p>\n<p>Les traitements orthodontiques prennent beaucoup de temps. La dur\u00e9e du traitement d\u00e9pend de votre \u00e2ge, de l&rsquo;ampleur des corrections \u00e0 effectuer et de la technique de traitement utilis\u00e9e. Le traitement implique g\u00e9n\u00e9ralement des visites r\u00e9guli\u00e8res \u00e0 votre dentiste et votre orthodontiste pendant des mois ou m\u00eames des ann\u00e9es. G\u00e9n\u00e9ralement, les traitements chez les adultes sont plus longs que chez les enfants ou les adolescents. La plupart des patients portent des broches sur une p\u00e9riode d&rsquo;environ 2 ans.<\/p>\n\n","protected":false},"excerpt":{"rendered":"<p>\u00c0 une autre \u00e9poque, les traitements orthodontiques \u00e9taient utilis\u00e9s seulement pour les pr\u00e9-adolescents et adolescents ayant des probl\u00e8mes de malocclusion dentaire (mauvaise fermeture des dents) et impliquait g\u00e9n\u00e9ralement de long trajets pour les patients vivant dans la r\u00e9gion de la Miramichi. De nos jours, les traitements orthodontiques comme les broches ne sont pas r\u00e9serv\u00e9s qu&rsquo;aux&hellip;<\/p>\n","protected":false},"author":1,"featured_media":0,"parent":376,"menu_order":0,"comment_status":"open","ping_status":"open","template":"","meta":{"footnotes":""},"class_list":["post-356","page","type-page","status-publish","hentry"],"_links":{"self":[{"href":"http:\/\/quali-dent.ca\/fr\/wp-json\/wp\/v2\/pages\/356","targetHints":{"allow":["GET"]}}],"collection":[{"href":"http:\/\/quali-dent.ca\/fr\/wp-json\/wp\/v2\/pages"}],"about":[{"href":"http:\/\/quali-dent.ca\/fr\/wp-json\/wp\/v2\/types\/page"}],"author":[{"embeddable":true,"href":"http:\/\/quali-dent.ca\/fr\/wp-json\/wp\/v2\/users\/1"}],"replies":[{"embeddable":true,"href":"http:\/\/quali-dent.ca\/fr\/wp-json\/wp\/v2\/comments?post=356"}],"version-history":[{"count":1,"href":"http:\/\/quali-dent.ca\/fr\/wp-json\/wp\/v2\/pages\/356\/revisions"}],"predecessor-version":[{"id":650,"href":"http:\/\/quali-dent.ca\/fr\/wp-json\/wp\/v2\/pages\/356\/revisions\/650"}],"up":[{"embeddable":true,"href":"http:\/\/quali-dent.ca\/fr\/wp-json\/wp\/v2\/pages\/376"}],"wp:attachment":[{"href":"http:\/\/quali-dent.ca\/fr\/wp-json\/wp\/v2\/media?parent=356"}],"curies":[{"name":"wp","href":"https:\/\/api.w.org\/{rel}","templated":true}]}}