{"id":355,"date":"2014-11-08T12:08:10","date_gmt":"2014-11-08T12:08:10","guid":{"rendered":"http:\/\/quali-dent.ca\/besoins-particuliers\/"},"modified":"2024-08-23T17:34:40","modified_gmt":"2024-08-23T17:34:40","slug":"besoins-particuliers","status":"publish","type":"page","link":"http:\/\/quali-dent.ca\/fr\/sante-dentaire\/besoins-particuliers\/","title":{"rendered":"Besoins particuliers"},"content":{"rendered":"\n\n\t<p>Quali-Dent prend l&rsquo;engagement de fournir les meilleurs soins dentaires \u00e0 tous ses clients, quel que soit leur niveau de d\u00e9veloppement ou toute autre condition qui exige des soins de sant\u00e9 particuliers. L&rsquo;Acad\u00e9mie canadienne de dentisterie p\u00e9diatrique d\u00e9finit les personnes ayant des besoins de soin de sant\u00e9 particuliers comme des personnes qui pr\u00e9sentent un d\u00e9ficit physique, d\u00e9veloppemental, mental, <img loading=\"lazy\" decoding=\"async\" src=\"http:\/\/quali-dent.ca\/wp-content\/uploads\/2014\/05\/special_needs.jpg\" alt=\"Enfants avec des besoins particuliers\" width=\"300\" height=\"415\" \/> sensoriel, comportemental ou cognitif, ou qui souffrent d&rsquo;un d\u00e9ficit ou d&rsquo;un facteur limitant au niveau \u00e9motionnel qui n\u00e9cessite une gestion m\u00e9dicale, des soins de sant\u00e9 et\/ou l&rsquo;utilisation de services ou de programmes particuliers. <\/p>\n<p>Si l&rsquo;individu n&rsquo;est pas autonome, il est essentiel que les personnes qui le c\u00f4toient quotidiennement s&rsquo;impliquent dans la pr\u00e9vention des probl\u00e8mes de sant\u00e9 dentaire et autres aspects des soins de sant\u00e9 bucco-dentaire de cette personne.<\/p>\n<p>Nous avons de l&rsquo;exp\u00e9rience dans le traitement de ce type de besoins particuliers et nous saisissons toutes les opportunit\u00e9s de diagnostiquer et corriger tout probl\u00e8me dentaire pouvant survenir. Plusieurs patients nous sont r\u00e9f\u00e9r\u00e9s de l&rsquo;ext\u00e9rieur de la r\u00e9gion, ce qui nous aide \u00e0 d\u00e9velopper notre expertise. \u00a0Notre r\u00e9compense est de cr\u00e9er des liens d&rsquo;amiti\u00e9 \u00e0 long terme avec les patients qui ont des besoins particuliers et les personnes qui les entourent.<\/p>\n<p>En adoptant notre clinique comme leur centre dentaire de r\u00e9f\u00e9rence, nos patients ayant des besoins particuliers pourront se familiariser avec les pratiques essentielles en sant\u00e9 bucco-dentaire, ce qui r\u00e9duit beaucoup le risque de d\u00e9velopper des probl\u00e8mes aux dents ou \u00e0 la bouche.<\/p>\n<p>Les soins buccaux des patients aux besoins particuliers seront identifi\u00e9s et ceux-ci pourraient \u00eatre r\u00e9f\u00e9r\u00e9s au sp\u00e9cialiste dentaire appropri\u00e9 qui travaille aussi avec ces types de populations.<\/p>\n\n","protected":false},"excerpt":{"rendered":"<p>Quali-Dent prend l&rsquo;engagement de fournir les meilleurs soins dentaires \u00e0 tous ses clients, quel que soit leur niveau de d\u00e9veloppement ou toute autre condition qui exige des soins de sant\u00e9 particuliers. L&rsquo;Acad\u00e9mie canadienne de dentisterie p\u00e9diatrique d\u00e9finit les personnes ayant des besoins de soin de sant\u00e9 particuliers comme des personnes qui pr\u00e9sentent un d\u00e9ficit physique,&hellip;<\/p>\n","protected":false},"author":1,"featured_media":0,"parent":377,"menu_order":0,"comment_status":"open","ping_status":"open","template":"","meta":{"footnotes":""},"class_list":["post-355","page","type-page","status-publish","hentry"],"_links":{"self":[{"href":"http:\/\/quali-dent.ca\/fr\/wp-json\/wp\/v2\/pages\/355","targetHints":{"allow":["GET"]}}],"collection":[{"href":"http:\/\/quali-dent.ca\/fr\/wp-json\/wp\/v2\/pages"}],"about":[{"href":"http:\/\/quali-dent.ca\/fr\/wp-json\/wp\/v2\/types\/page"}],"author":[{"embeddable":true,"href":"http:\/\/quali-dent.ca\/fr\/wp-json\/wp\/v2\/users\/1"}],"replies":[{"embeddable":true,"href":"http:\/\/quali-dent.ca\/fr\/wp-json\/wp\/v2\/comments?post=355"}],"version-history":[{"count":1,"href":"http:\/\/quali-dent.ca\/fr\/wp-json\/wp\/v2\/pages\/355\/revisions"}],"predecessor-version":[{"id":677,"href":"http:\/\/quali-dent.ca\/fr\/wp-json\/wp\/v2\/pages\/355\/revisions\/677"}],"up":[{"embeddable":true,"href":"http:\/\/quali-dent.ca\/fr\/wp-json\/wp\/v2\/pages\/377"}],"wp:attachment":[{"href":"http:\/\/quali-dent.ca\/fr\/wp-json\/wp\/v2\/media?parent=355"}],"curies":[{"name":"wp","href":"https:\/\/api.w.org\/{rel}","templated":true}]}}